{"id":2127,"date":"2016-02-02T12:18:24","date_gmt":"2016-02-23T11:40:21","guid":{"rendered":"https:\/\/jafep.com\/?post_type=product&#038;p=2127"},"modified":"2023-05-03T08:00:25","modified_gmt":"2023-05-03T08:00:25","slug":"vernis-alkyde-exterieur","status":"publish","type":"product","link":"https:\/\/jafep.com\/fr\/producto\/vernis-alkyde-exterieur\/","title":{"rendered":"Vernis Alkyde Ext\u00e9rieur"},"content":{"rendered":"<p>Apporte une excellente protection contre les intemp\u00e9ries pour tout type de bois. Bonne adh\u00e9rence, bonne brossabilit\u00e9, bonne p\u00e9n\u00e9tration. <\/p>\n","protected":false},"excerpt":{"rendered":"<p>Apporte une excellente protection contre les intemp\u00e9ries pour tout type de bois. Bonne adh\u00e9rence, bonne brossabilit\u00e9, bonne p\u00e9n\u00e9tration.<\/p>\n","protected":false},"featured_media":82369,"comment_status":"closed","ping_status":"closed","template":"","meta":{"_acf_changed":false,"_links_to":"","_links_to_target":""},"product_brand":[],"product_cat":[853,839,1506,1361],"product_tag":[],"class_list":{"0":"post-2127","1":"product","2":"type-product","3":"status-publish","4":"has-post-thumbnail","6":"product_cat-madera-fr","7":"product_cat-productos-para-la-madera-fr-2","8":"product_cat-vernir","9":"product_cat-vernis","10":"pa_formatos-375ml-fr","11":"pa_formatos-4l-fr","12":"pa_formatos-750ml-fr","13":"pa_herramientas-airless-fr","14":"pa_herramientas-brocha-fr","15":"pa_herramientas-brocha-esmalte-barniz-acrilico-microfibra-fr","16":"pa_herramientas-pistola-fr","17":"pa_iconos-2-base-solvente-fr","18":"pa_iconos-basetr-fr","19":"pa_iconos-brillante-satinado-fr","20":"pa_iconos-cartes-de-credit","21":"pa_iconos-exterior-fr","22":"pa_iconos-b-s1d0-fr","23":"pa_iconos-rendimiento-10-14-m2-l-fr","24":"pa_iconos-rendimiento-8-12-m2l-fr","26":"first","27":"instock","28":"shipping-taxable","29":"product-type-simple"},"acf":[],"_links":{"self":[{"href":"https:\/\/jafep.com\/fr\/wp-json\/wp\/v2\/product\/2127","targetHints":{"allow":["GET"]}}],"collection":[{"href":"https:\/\/jafep.com\/fr\/wp-json\/wp\/v2\/product"}],"about":[{"href":"https:\/\/jafep.com\/fr\/wp-json\/wp\/v2\/types\/product"}],"replies":[{"embeddable":true,"href":"https:\/\/jafep.com\/fr\/wp-json\/wp\/v2\/comments?post=2127"}],"wp:featuredmedia":[{"embeddable":true,"href":"https:\/\/jafep.com\/fr\/wp-json\/wp\/v2\/media\/82369"}],"wp:attachment":[{"href":"https:\/\/jafep.com\/fr\/wp-json\/wp\/v2\/media?parent=2127"}],"wp:term":[{"taxonomy":"product_brand","embeddable":true,"href":"https:\/\/jafep.com\/fr\/wp-json\/wp\/v2\/product_brand?post=2127"},{"taxonomy":"product_cat","embeddable":true,"href":"https:\/\/jafep.com\/fr\/wp-json\/wp\/v2\/product_cat?post=2127"},{"taxonomy":"product_tag","embeddable":true,"href":"https:\/\/jafep.com\/fr\/wp-json\/wp\/v2\/product_tag?post=2127"}],"curies":[{"name":"wp","href":"https:\/\/api.w.org\/{rel}","templated":true}]}}