{"id":2126,"date":"2016-02-02T12:09:10","date_gmt":"2016-02-23T11:39:19","guid":{"rendered":"https:\/\/jafep.com\/?post_type=product&#038;p=2126"},"modified":"2023-05-09T13:56:02","modified_gmt":"2023-05-09T13:56:02","slug":"vernis-alkyde-interieur","status":"publish","type":"product","link":"https:\/\/jafep.com\/fr\/producto\/vernis-alkyde-interieur\/","title":{"rendered":"Vernis Alkyde Int\u00e9rieur"},"content":{"rendered":"<p>Vernis synth\u00e9tique \u00e0 base de r\u00e9sines alkydes, pr\u00e9sentant un bon niveau d\u2019adh\u00e9rence, de brossabilit\u00e9 et de p\u00e9n\u00e9tration, r\u00e9sistant et \u00e0 s\u00e9chage rapide. Le produit pr\u00e9sente une finition transparente de haute d\u00e9coration. <\/p>\n","protected":false},"excerpt":{"rendered":"<p>Vernis synth\u00e9tique \u00e0 base de r\u00e9sines alkydes, pr\u00e9sentant un bon niveau d\u2019adh\u00e9rence, de brossabilit\u00e9 et de p\u00e9n\u00e9tration, r\u00e9sistant et \u00e0 s\u00e9chage rapide. Le produit pr\u00e9sente une finition transparente de haute d\u00e9coration.<\/p>\n","protected":false},"featured_media":82364,"comment_status":"closed","ping_status":"closed","template":"","meta":{"_acf_changed":false,"_links_to":"","_links_to_target":""},"product_brand":[],"product_cat":[551,853,839,1397,1506,1361],"product_tag":[],"class_list":{"0":"post-2126","1":"product","2":"type-product","3":"status-publish","4":"has-post-thumbnail","6":"product_cat-bases-systeme-multicouleur","7":"product_cat-madera-fr","8":"product_cat-productos-para-la-madera-fr-2","9":"product_cat-sisteme-a-teinter","10":"product_cat-vernir","11":"product_cat-vernis","12":"pa_formatos-4l-fr","13":"pa_formatos-750ml-fr","14":"pa_herramientas-airless-fr","15":"pa_herramientas-brocha-fr","16":"pa_herramientas-brocha-esmalte-barniz-acrilico-microfibra-fr","17":"pa_herramientas-pistola-fr","18":"pa_herramientas-rodillo-fr-2","19":"pa_iconos-2-base-solvente-fr","20":"pa_iconos-45-exterior-interior-fr","21":"pa_iconos-basetr-fr","22":"pa_iconos-brillante-satinado-fr","23":"pa_iconos-b-s1d0-fr","24":"pa_iconos-rendimiento-10-14-m2-l-fr","25":"pa_iconos-rendimiento-8-12-m2l-fr","27":"first","28":"instock","29":"shipping-taxable","30":"product-type-simple"},"acf":[],"_links":{"self":[{"href":"https:\/\/jafep.com\/fr\/wp-json\/wp\/v2\/product\/2126","targetHints":{"allow":["GET"]}}],"collection":[{"href":"https:\/\/jafep.com\/fr\/wp-json\/wp\/v2\/product"}],"about":[{"href":"https:\/\/jafep.com\/fr\/wp-json\/wp\/v2\/types\/product"}],"replies":[{"embeddable":true,"href":"https:\/\/jafep.com\/fr\/wp-json\/wp\/v2\/comments?post=2126"}],"wp:featuredmedia":[{"embeddable":true,"href":"https:\/\/jafep.com\/fr\/wp-json\/wp\/v2\/media\/82364"}],"wp:attachment":[{"href":"https:\/\/jafep.com\/fr\/wp-json\/wp\/v2\/media?parent=2126"}],"wp:term":[{"taxonomy":"product_brand","embeddable":true,"href":"https:\/\/jafep.com\/fr\/wp-json\/wp\/v2\/product_brand?post=2126"},{"taxonomy":"product_cat","embeddable":true,"href":"https:\/\/jafep.com\/fr\/wp-json\/wp\/v2\/product_cat?post=2126"},{"taxonomy":"product_tag","embeddable":true,"href":"https:\/\/jafep.com\/fr\/wp-json\/wp\/v2\/product_tag?post=2126"}],"curies":[{"name":"wp","href":"https:\/\/api.w.org\/{rel}","templated":true}]}}