{"id":2123,"date":"2016-02-02T11:46:40","date_gmt":"2016-02-23T11:36:49","guid":{"rendered":"https:\/\/jafep.com\/?post_type=product&#038;p=2123"},"modified":"2023-05-03T07:15:25","modified_gmt":"2023-05-03T07:15:25","slug":"peinture-multi-surfaces-parfumee","status":"publish","type":"product","link":"https:\/\/jafep.com\/fr\/producto\/peinture-multi-surfaces-parfumee\/","title":{"rendered":"Peinture Multi-surfaces parfum\u00e9e"},"content":{"rendered":"<p>\u00c9mail 100 % acrylique facile \u00e0 appliquer et avec un tr\u00e8s bon nivellement. Lavable et multi-adh\u00e9rente. Offre une extraordinaire duret\u00e9 et r\u00e9sistance aux frottements. Int\u00e9rieur-Ext\u00e9rieur. Avec un ar\u00f4me agr\u00e9able. Finition mate-soyeux. <\/p>\n","protected":false},"excerpt":{"rendered":"<p>Peinture Multi-surface avec des aromes. <\/p>\n","protected":false},"featured_media":14007,"comment_status":"closed","ping_status":"closed","template":"","meta":{"_acf_changed":false,"_links_to":"","_links_to_target":""},"product_brand":[],"product_cat":[853,1549,1547,987],"product_tag":[],"class_list":{"0":"post-2123","1":"product","2":"type-product","3":"status-publish","4":"has-post-thumbnail","6":"product_cat-madera-fr","7":"product_cat-decorer-peindre","8":"product_cat-interieurs","9":"product_cat-metal-fr","10":"pa_formatos-250ml-fr","11":"pa_formatos-750ml-fr","12":"pa_herramientas-airless-fr","13":"pa_herramientas-brocha-fr","14":"pa_herramientas-pistola-fr","15":"pa_herramientas-rodillo-esmalte-barniz-acrilico-microfibra-8-mm-fr","16":"pa_herramientas-rodillo-iinterior-100-microfibra-de-11mm-fr","17":"pa_iconos-1-base-agua-fr","18":"pa_iconos-45-exterior-interior-fr","19":"pa_iconos-60-lavabilidad-nivel-1-fr","20":"pa_iconos-producto-al-agua-fr","21":"pa_iconos-rendement-12-14-m2-l","23":"first","24":"instock","25":"shipping-taxable","26":"product-type-simple"},"acf":[],"_links":{"self":[{"href":"https:\/\/jafep.com\/fr\/wp-json\/wp\/v2\/product\/2123","targetHints":{"allow":["GET"]}}],"collection":[{"href":"https:\/\/jafep.com\/fr\/wp-json\/wp\/v2\/product"}],"about":[{"href":"https:\/\/jafep.com\/fr\/wp-json\/wp\/v2\/types\/product"}],"replies":[{"embeddable":true,"href":"https:\/\/jafep.com\/fr\/wp-json\/wp\/v2\/comments?post=2123"}],"wp:featuredmedia":[{"embeddable":true,"href":"https:\/\/jafep.com\/fr\/wp-json\/wp\/v2\/media\/14007"}],"wp:attachment":[{"href":"https:\/\/jafep.com\/fr\/wp-json\/wp\/v2\/media?parent=2123"}],"wp:term":[{"taxonomy":"product_brand","embeddable":true,"href":"https:\/\/jafep.com\/fr\/wp-json\/wp\/v2\/product_brand?post=2123"},{"taxonomy":"product_cat","embeddable":true,"href":"https:\/\/jafep.com\/fr\/wp-json\/wp\/v2\/product_cat?post=2123"},{"taxonomy":"product_tag","embeddable":true,"href":"https:\/\/jafep.com\/fr\/wp-json\/wp\/v2\/product_tag?post=2123"}],"curies":[{"name":"wp","href":"https:\/\/api.w.org\/{rel}","templated":true}]}}