{"id":2121,"date":"2016-02-09T07:52:07","date_gmt":"2016-02-09T07:52:07","guid":{"rendered":"https:\/\/jafep.com\/?post_type=product&#038;p=2121"},"modified":"2023-05-03T07:03:46","modified_gmt":"2023-05-03T07:03:46","slug":"telacril-transparent","status":"publish","type":"product","link":"https:\/\/jafep.com\/fr\/producto\/telacril-transparent\/","title":{"rendered":"Telacril Transparent"},"content":{"rendered":"<p>Apporte une bonne \u00e9lasticit\u00e9 et fl\u00e9xibilit\u00e9, imperm\u00e9abilise les supports verticaux. Caract\u00e9ris\u00e9 par sa propri\u00e9t\u00e9 transparente, elle esid\u00e9al pour l&#8217;imperm\u00e9abilisation des fa\u00e7ades en pierre, briques apparentes, etc. <\/p>\n","protected":false},"excerpt":{"rendered":"<p>Apporte une bonne \u00e9lasticit\u00e9 et fl\u00e9xibilit\u00e9, imperm\u00e9abilise les supports verticaux. Caract\u00e9ris\u00e9 par sa propri\u00e9t\u00e9 transparente, elle esid\u00e9al pour l&#8217;imperm\u00e9abilisation des fa\u00e7ades en pierre, briques apparentes, etc.<\/p>\n","protected":false},"featured_media":82759,"comment_status":"closed","ping_status":"closed","template":"","meta":{"_acf_changed":false,"_links_to":"","_links_to_target":""},"product_brand":[],"product_cat":[1583,1312,829,1315,830],"product_tag":[],"class_list":{"0":"post-2121","1":"product","2":"type-product","3":"status-publish","4":"has-post-thumbnail","6":"product_cat-impermeabilisation","7":"product_cat-ligne-anti-humidite","8":"product_cat-fachadas-fr","9":"product_cat-telacril-fr","10":"product_cat-zonas-muy-humedas-fr","11":"pa_formatos-15l-fr","12":"pa_formatos-4l-fr","13":"pa_formatos-750ml-fr","14":"pa_herramientas-airless-fr","15":"pa_herramientas-brocha-fr","16":"pa_herramientas-pistola-fr","17":"pa_herramientas-rodillo-fr-2","18":"pa_iconos-1-base-agua-fr","19":"pa_iconos-41-brocha-rodillo-pistola-fr","20":"pa_iconos-60-lavabilidad-nivel-1-fr","21":"pa_iconos-conservateur-anti-moisissures-systeme-atmh","22":"pa_iconos-elongacion-fr","23":"pa_iconos-exterior-fr","24":"pa_iconos-rendimiento-6-8-m2l-fr","25":"pa_iconos-satinado-fr","27":"first","28":"instock","29":"shipping-taxable","30":"product-type-simple"},"acf":[],"_links":{"self":[{"href":"https:\/\/jafep.com\/fr\/wp-json\/wp\/v2\/product\/2121","targetHints":{"allow":["GET"]}}],"collection":[{"href":"https:\/\/jafep.com\/fr\/wp-json\/wp\/v2\/product"}],"about":[{"href":"https:\/\/jafep.com\/fr\/wp-json\/wp\/v2\/types\/product"}],"replies":[{"embeddable":true,"href":"https:\/\/jafep.com\/fr\/wp-json\/wp\/v2\/comments?post=2121"}],"wp:featuredmedia":[{"embeddable":true,"href":"https:\/\/jafep.com\/fr\/wp-json\/wp\/v2\/media\/82759"}],"wp:attachment":[{"href":"https:\/\/jafep.com\/fr\/wp-json\/wp\/v2\/media?parent=2121"}],"wp:term":[{"taxonomy":"product_brand","embeddable":true,"href":"https:\/\/jafep.com\/fr\/wp-json\/wp\/v2\/product_brand?post=2121"},{"taxonomy":"product_cat","embeddable":true,"href":"https:\/\/jafep.com\/fr\/wp-json\/wp\/v2\/product_cat?post=2121"},{"taxonomy":"product_tag","embeddable":true,"href":"https:\/\/jafep.com\/fr\/wp-json\/wp\/v2\/product_tag?post=2121"}],"curies":[{"name":"wp","href":"https:\/\/api.w.org\/{rel}","templated":true}]}}