{"id":2116,"date":"2016-02-02T11:28:01","date_gmt":"2016-02-02T11:28:01","guid":{"rendered":"https:\/\/jafep.com\/?post_type=product&#038;p=2116"},"modified":"2023-05-02T14:58:47","modified_gmt":"2023-05-02T14:58:47","slug":"telacril-facades-rugueux","status":"publish","type":"product","link":"https:\/\/jafep.com\/fr\/producto\/telacril-facades-rugueux\/","title":{"rendered":"Telacril Fachadas Rugoso"},"content":{"rendered":"<p>Rev\u00eatement d\u2019une extraordinaire \u00e9lasticit\u00e9 et flexibilit\u00e9 m\u00eame en cas de temp\u00e9ratures tr\u00e8s basses. Imperm\u00e9abilisation totale. <\/p>\n","protected":false},"excerpt":{"rendered":"<p>Rev\u00eatement d\u2019une extraordinaire \u00e9lasticit\u00e9 et flexibilit\u00e9 m\u00eame en cas de temp\u00e9ratures tr\u00e8s basses. Imperm\u00e9abilisation totale.<\/p>\n","protected":false},"featured_media":82354,"comment_status":"closed","ping_status":"closed","template":"","meta":{"_acf_changed":false,"_links_to":"","_links_to_target":""},"product_brand":[],"product_cat":[828,1583,1312],"product_tag":[],"class_list":{"0":"post-2116","1":"product","2":"type-product","3":"status-publish","4":"has-post-thumbnail","6":"product_cat-exteriores-fr","7":"product_cat-impermeabilisation","8":"product_cat-ligne-anti-humidite","9":"pa_formatos-15l-fr","10":"pa_herramientas-airless-fr","11":"pa_herramientas-brocha-fr","12":"pa_herramientas-pistola-fr","13":"pa_herramientas-rodillo-fachadas-lana-oveja-20mm-fr","14":"pa_herramientas-rodillo-fachadas-poliamida-extra-larga-de-20mm-fr","15":"pa_herramientas-rodillo-fachadas-poliamida-larga-de-19mm-fr","16":"pa_iconos-1-base-agua-fr","17":"pa_iconos-60-lavabilidad-nivel-1-fr","18":"pa_iconos-conservateur-anti-moisissures-systeme-atmh","19":"pa_iconos-exterior-fr","20":"pa_iconos-rendimiento-2-3-m2-l-fr","22":"first","23":"instock","24":"shipping-taxable","25":"product-type-simple"},"acf":[],"_links":{"self":[{"href":"https:\/\/jafep.com\/fr\/wp-json\/wp\/v2\/product\/2116","targetHints":{"allow":["GET"]}}],"collection":[{"href":"https:\/\/jafep.com\/fr\/wp-json\/wp\/v2\/product"}],"about":[{"href":"https:\/\/jafep.com\/fr\/wp-json\/wp\/v2\/types\/product"}],"replies":[{"embeddable":true,"href":"https:\/\/jafep.com\/fr\/wp-json\/wp\/v2\/comments?post=2116"}],"wp:featuredmedia":[{"embeddable":true,"href":"https:\/\/jafep.com\/fr\/wp-json\/wp\/v2\/media\/82354"}],"wp:attachment":[{"href":"https:\/\/jafep.com\/fr\/wp-json\/wp\/v2\/media?parent=2116"}],"wp:term":[{"taxonomy":"product_brand","embeddable":true,"href":"https:\/\/jafep.com\/fr\/wp-json\/wp\/v2\/product_brand?post=2116"},{"taxonomy":"product_cat","embeddable":true,"href":"https:\/\/jafep.com\/fr\/wp-json\/wp\/v2\/product_cat?post=2116"},{"taxonomy":"product_tag","embeddable":true,"href":"https:\/\/jafep.com\/fr\/wp-json\/wp\/v2\/product_tag?post=2116"}],"curies":[{"name":"wp","href":"https:\/\/api.w.org\/{rel}","templated":true}]}}