{"id":2115,"date":"2016-02-02T11:18:33","date_gmt":"2016-02-02T11:18:33","guid":{"rendered":"https:\/\/jafep.com\/?post_type=product&#038;p=2115"},"modified":"2023-05-10T07:33:44","modified_gmt":"2023-05-10T07:33:44","slug":"telacril-facades-lisse-mat","status":"publish","type":"product","link":"https:\/\/jafep.com\/fr\/producto\/telacril-facades-lisse-mat\/","title":{"rendered":"Telacril Fa\u00e7ades Lisse Mat"},"content":{"rendered":"<p>Rev\u00eatement \u00e9lastom\u00e8re lisse, au fini mat, \u00e0 base de r\u00e9sines acryliques sp\u00e9ciales \u00e0 photo-r\u00e9ticulation qui lui conf\u00e8re une \u00e9lasticit\u00e9 et une souplesse extraordinaires \u00e0 tr\u00e8s basse temp\u00e9rature et donc un effet anti-fissure imbattable, tout en assurant une \u00e9tanch\u00e9it\u00e9 totale sur les fa\u00e7ades. Les pigments entrant dans sa composition sont \u00e9galement solides \u00e0 la lumi\u00e8re et aux intemp\u00e9ries. Dans sa formulation, des additifs conservateurs sont inclus pour la protection du film. <\/p>\n","protected":false},"excerpt":{"rendered":"<p>\u00c9tanch\u00e9it\u00e9 \u00e9lastom\u00e8re <\/p>\n","protected":false},"featured_media":82354,"comment_status":"closed","ping_status":"closed","template":"","meta":{"_acf_changed":false,"_links_to":"","_links_to_target":""},"product_brand":[],"product_cat":[551,828,1501,1312,829,1397,1315,830],"product_tag":[],"class_list":{"0":"post-2115","1":"product","2":"type-product","3":"status-publish","4":"has-post-thumbnail","6":"product_cat-bases-systeme-multicouleur","7":"product_cat-exteriores-fr","8":"product_cat-humidite","9":"product_cat-ligne-anti-humidite","10":"product_cat-fachadas-fr","11":"product_cat-sisteme-a-teinter","12":"product_cat-telacril-fr","13":"product_cat-zonas-muy-humedas-fr","14":"pa_formatos-15l-fr","15":"pa_formatos-4l-fr","16":"pa_formatos-750ml-fr","17":"pa_herramientas-airless-fr","18":"pa_herramientas-brocha-fr","19":"pa_herramientas-pistola-fr","20":"pa_herramientas-rodillo-fachadas-lana-oveja-20mm-fr","21":"pa_herramientas-rodillo-fachadas-poliamida-extra-larga-de-20mm-fr","22":"pa_herramientas-rodillo-fachadas-poliamida-larga-de-19mm-fr","23":"pa_iconos-1-base-agua-fr","24":"pa_iconos-51-mate-60o-fr","25":"pa_iconos-60-lavabilidad-nivel-1-fr","26":"pa_iconos-conservateur-anti-moisissures-systeme-atmh","27":"pa_iconos-exterior-fr","28":"pa_iconos-mate-fr","29":"pa_iconos-rendimiento-2-3-m2-l-fr","31":"first","32":"instock","33":"shipping-taxable","34":"product-type-simple"},"acf":[],"_links":{"self":[{"href":"https:\/\/jafep.com\/fr\/wp-json\/wp\/v2\/product\/2115","targetHints":{"allow":["GET"]}}],"collection":[{"href":"https:\/\/jafep.com\/fr\/wp-json\/wp\/v2\/product"}],"about":[{"href":"https:\/\/jafep.com\/fr\/wp-json\/wp\/v2\/types\/product"}],"replies":[{"embeddable":true,"href":"https:\/\/jafep.com\/fr\/wp-json\/wp\/v2\/comments?post=2115"}],"wp:featuredmedia":[{"embeddable":true,"href":"https:\/\/jafep.com\/fr\/wp-json\/wp\/v2\/media\/82354"}],"wp:attachment":[{"href":"https:\/\/jafep.com\/fr\/wp-json\/wp\/v2\/media?parent=2115"}],"wp:term":[{"taxonomy":"product_brand","embeddable":true,"href":"https:\/\/jafep.com\/fr\/wp-json\/wp\/v2\/product_brand?post=2115"},{"taxonomy":"product_cat","embeddable":true,"href":"https:\/\/jafep.com\/fr\/wp-json\/wp\/v2\/product_cat?post=2115"},{"taxonomy":"product_tag","embeddable":true,"href":"https:\/\/jafep.com\/fr\/wp-json\/wp\/v2\/product_tag?post=2115"}],"curies":[{"name":"wp","href":"https:\/\/api.w.org\/{rel}","templated":true}]}}