{"id":2110,"date":"2016-02-02T11:02:32","date_gmt":"2016-02-02T11:02:32","guid":{"rendered":"https:\/\/jafep.com\/?post_type=product&#038;p=2110"},"modified":"2023-05-02T07:00:57","modified_gmt":"2023-05-02T07:00:57","slug":"telacril-isolant","status":"publish","type":"product","link":"https:\/\/jafep.com\/fr\/producto\/telacril-isolant\/","title":{"rendered":"Telacril Isolant"},"content":{"rendered":"<p>Imperm\u00e9abilisation liquide en phase aqueuse. Hautement \u00e9lastique, incorpore dans sa formulation un polystyr\u00e8ne expans\u00e9 de petite granulom\u00e8trie et des additifs sp\u00e9c\u00edfiques pour le rendre isolant. Telacril Isolant fait aussi office d&#8217;isolant acoustique et a \u00e9t\u00e9 d\u00e9velopp\u00e9 comme rev\u00eatement thermo-r\u00e9fl\u00e9chissant. <\/p>\n","protected":false},"excerpt":{"rendered":"<p>\u00c9tanch\u00e9it\u00e9 \u00c9lastom\u00e8re <\/p>\n","protected":false},"featured_media":82344,"comment_status":"closed","ping_status":"closed","template":"","meta":{"_acf_changed":false,"_links_to":"","_links_to_target":""},"product_brand":[],"product_cat":[828,1584,1312,1315,1546],"product_tag":[],"class_list":{"0":"post-2110","1":"product","2":"type-product","3":"status-publish","4":"has-post-thumbnail","6":"product_cat-exteriores-fr","7":"product_cat-isolation-thermique","8":"product_cat-ligne-anti-humidite","9":"product_cat-telacril-fr","10":"product_cat-toits","11":"pa_formatos-15l-fr","12":"pa_herramientas-pistola-fr","13":"pa_iconos-1-m2-l-fr","14":"pa_iconos-1-base-agua-fr","15":"pa_iconos-a-b-fr","16":"pa_iconos-cidemco-fr","17":"pa_iconos-conservateur-anti-moisissures-systeme-atmh","18":"pa_iconos-exterior-fr","19":"pa_iconos-satinado-granulado-fr","21":"first","22":"instock","23":"shipping-taxable","24":"product-type-simple"},"acf":[],"_links":{"self":[{"href":"https:\/\/jafep.com\/fr\/wp-json\/wp\/v2\/product\/2110","targetHints":{"allow":["GET"]}}],"collection":[{"href":"https:\/\/jafep.com\/fr\/wp-json\/wp\/v2\/product"}],"about":[{"href":"https:\/\/jafep.com\/fr\/wp-json\/wp\/v2\/types\/product"}],"replies":[{"embeddable":true,"href":"https:\/\/jafep.com\/fr\/wp-json\/wp\/v2\/comments?post=2110"}],"wp:featuredmedia":[{"embeddable":true,"href":"https:\/\/jafep.com\/fr\/wp-json\/wp\/v2\/media\/82344"}],"wp:attachment":[{"href":"https:\/\/jafep.com\/fr\/wp-json\/wp\/v2\/media?parent=2110"}],"wp:term":[{"taxonomy":"product_brand","embeddable":true,"href":"https:\/\/jafep.com\/fr\/wp-json\/wp\/v2\/product_brand?post=2110"},{"taxonomy":"product_cat","embeddable":true,"href":"https:\/\/jafep.com\/fr\/wp-json\/wp\/v2\/product_cat?post=2110"},{"taxonomy":"product_tag","embeddable":true,"href":"https:\/\/jafep.com\/fr\/wp-json\/wp\/v2\/product_tag?post=2110"}],"curies":[{"name":"wp","href":"https:\/\/api.w.org\/{rel}","templated":true}]}}