{"id":2105,"date":"2014-06-13T09:12:33","date_gmt":"2016-02-23T11:08:31","guid":{"rendered":"https:\/\/jafep.com\/?post_type=product&#038;p=2105"},"modified":"2023-04-26T11:58:49","modified_gmt":"2023-04-26T11:58:49","slug":"hydrofuge-liquide-avec-silanesiloxane","status":"publish","type":"product","link":"https:\/\/jafep.com\/fr\/producto\/hydrofuge-liquide-avec-silanesiloxane\/","title":{"rendered":"Hydrofuge liquide avec Silane\/Siloxane"},"content":{"rendered":"<p>Repousse l\u2019eau et \u00e9vite la p\u00e9n\u00e9tration. Ne forme pas de pellicule, maintient la porosit\u00e9 et n\u2019alt\u00e8re pas l\u2019aspect initial. <\/p>\n","protected":false},"excerpt":{"rendered":"<p>Repousse l\u2019eau et \u00e9vite la p\u00e9n\u00e9tration. Ne forme pas de pellicule, maintient la porosit\u00e9 et n\u2019alt\u00e8re pas l\u2019aspect initial.<\/p>\n","protected":false},"featured_media":83782,"comment_status":"closed","ping_status":"closed","template":"","meta":{"_acf_changed":false,"_links_to":"","_links_to_target":""},"product_brand":[],"product_cat":[1501,1312,465],"product_tag":[],"class_list":{"0":"post-2105","1":"product","2":"type-product","3":"status-publish","4":"has-post-thumbnail","6":"product_cat-humidite","7":"product_cat-ligne-anti-humidite","8":"product_cat-peintures-en-phase-solvant","9":"pa_formatos-1l-fr","10":"pa_formatos-20l-fr","11":"pa_formatos-5l-fr","12":"pa_herramientas-airless-fr","13":"pa_herramientas-brocha-fr","14":"pa_herramientas-pistola-fr","15":"pa_herramientas-rodillo-fr-2","16":"pa_iconos-2-base-solvente-fr","17":"pa_iconos-exterior-fr","18":"pa_iconos-inapreciable-fr","19":"pa_iconos-listo-al-uso-fr","20":"pa_iconos-rendimiento-1-5-m2-l-fr","22":"first","23":"instock","24":"shipping-taxable","25":"product-type-simple"},"acf":[],"_links":{"self":[{"href":"https:\/\/jafep.com\/fr\/wp-json\/wp\/v2\/product\/2105","targetHints":{"allow":["GET"]}}],"collection":[{"href":"https:\/\/jafep.com\/fr\/wp-json\/wp\/v2\/product"}],"about":[{"href":"https:\/\/jafep.com\/fr\/wp-json\/wp\/v2\/types\/product"}],"replies":[{"embeddable":true,"href":"https:\/\/jafep.com\/fr\/wp-json\/wp\/v2\/comments?post=2105"}],"wp:featuredmedia":[{"embeddable":true,"href":"https:\/\/jafep.com\/fr\/wp-json\/wp\/v2\/media\/83782"}],"wp:attachment":[{"href":"https:\/\/jafep.com\/fr\/wp-json\/wp\/v2\/media?parent=2105"}],"wp:term":[{"taxonomy":"product_brand","embeddable":true,"href":"https:\/\/jafep.com\/fr\/wp-json\/wp\/v2\/product_brand?post=2105"},{"taxonomy":"product_cat","embeddable":true,"href":"https:\/\/jafep.com\/fr\/wp-json\/wp\/v2\/product_cat?post=2105"},{"taxonomy":"product_tag","embeddable":true,"href":"https:\/\/jafep.com\/fr\/wp-json\/wp\/v2\/product_tag?post=2105"}],"curies":[{"name":"wp","href":"https:\/\/api.w.org\/{rel}","templated":true}]}}