{"id":2098,"date":"2014-06-13T08:45:43","date_gmt":"2016-02-23T10:54:54","guid":{"rendered":"https:\/\/jafep.com\/?post_type=product&#038;p=2098"},"modified":"2023-04-26T09:24:33","modified_gmt":"2023-04-26T09:24:33","slug":"sellacryl-anti-salpetre","status":"publish","type":"product","link":"https:\/\/jafep.com\/fr\/producto\/sellacryl-anti-salpetre\/","title":{"rendered":"Sellacryl  Anti salp\u00eatre"},"content":{"rendered":"<p>Fond p\u00e9n\u00e9trant extr\u00eamement fin anti efflorescence. <\/p>\n","protected":false},"excerpt":{"rendered":"<p>Fond p\u00e9n\u00e9trant extr\u00eamement fin anti efflorescence.<\/p>\n","protected":false},"featured_media":82289,"comment_status":"closed","ping_status":"closed","template":"","meta":{"_acf_changed":false,"_links_to":"","_links_to_target":""},"product_brand":[],"product_cat":[1585,1466,1548,468,1312,1582],"product_tag":[],"class_list":{"0":"post-2098","1":"product","2":"type-product","3":"status-publish","4":"has-post-thumbnail","6":"product_cat-avant-de-peindre-fr-4","7":"product_cat-avant-de-peindre","8":"product_cat-avant-de-peindre-fr-3","9":"product_cat-gamme-en-phase-aqueuse","10":"product_cat-ligne-anti-humidite","11":"product_cat-reparer-les-facades","12":"pa_formatos-4l-fr","13":"pa_formatos-750ml-fr","14":"pa_herramientas-airless-fr","15":"pa_herramientas-brocha-esmalte-barniz-acrilico-microfibra-fr","16":"pa_herramientas-pistola-fr","17":"pa_herramientas-rodillo-fr-2","18":"pa_iconos-1-base-agua-fr","19":"pa_iconos-34-rendimiento-de-10-12-m2l-fr","20":"pa_iconos-45-exterior-interior-fr","21":"pa_iconos-nanotec-fr","23":"first","24":"instock","25":"shipping-taxable","26":"product-type-simple"},"acf":[],"_links":{"self":[{"href":"https:\/\/jafep.com\/fr\/wp-json\/wp\/v2\/product\/2098","targetHints":{"allow":["GET"]}}],"collection":[{"href":"https:\/\/jafep.com\/fr\/wp-json\/wp\/v2\/product"}],"about":[{"href":"https:\/\/jafep.com\/fr\/wp-json\/wp\/v2\/types\/product"}],"replies":[{"embeddable":true,"href":"https:\/\/jafep.com\/fr\/wp-json\/wp\/v2\/comments?post=2098"}],"wp:featuredmedia":[{"embeddable":true,"href":"https:\/\/jafep.com\/fr\/wp-json\/wp\/v2\/media\/82289"}],"wp:attachment":[{"href":"https:\/\/jafep.com\/fr\/wp-json\/wp\/v2\/media?parent=2098"}],"wp:term":[{"taxonomy":"product_brand","embeddable":true,"href":"https:\/\/jafep.com\/fr\/wp-json\/wp\/v2\/product_brand?post=2098"},{"taxonomy":"product_cat","embeddable":true,"href":"https:\/\/jafep.com\/fr\/wp-json\/wp\/v2\/product_cat?post=2098"},{"taxonomy":"product_tag","embeddable":true,"href":"https:\/\/jafep.com\/fr\/wp-json\/wp\/v2\/product_tag?post=2098"}],"curies":[{"name":"wp","href":"https:\/\/api.w.org\/{rel}","templated":true}]}}