{"id":2096,"date":"2014-06-13T08:35:52","date_gmt":"2016-02-23T10:52:30","guid":{"rendered":"https:\/\/jafep.com\/?post_type=product&#038;p=2096"},"modified":"2023-04-26T08:41:15","modified_gmt":"2023-04-26T08:41:15","slug":"sellacryl-anti-moisissures","status":"publish","type":"product","link":"https:\/\/jafep.com\/fr\/producto\/sellacryl-anti-moisissures\/","title":{"rendered":"Sellacryl Anti-moisissures"},"content":{"rendered":"<p>Fond assainissant pr\u00eat \u00e0 l\u2019emploi tr\u00e8s efficace pour consolider les surfaces et \u00e9viter le d\u00e9veloppement de microorganismes. <\/p>\n","protected":false},"excerpt":{"rendered":"<p>Fond assainissant pr\u00eat \u00e0 l\u2019emploi tr\u00e8s efficace pour consolider les surfaces et \u00e9viter le d\u00e9veloppement de microorganismes.<\/p>\n","protected":false},"featured_media":82284,"comment_status":"closed","ping_status":"closed","template":"","meta":{"_acf_changed":false,"_links_to":"","_links_to_target":""},"product_brand":[],"product_cat":[1548,1585,1466,468,1501,1312,830],"product_tag":[],"class_list":{"0":"post-2096","1":"product","2":"type-product","3":"status-publish","4":"has-post-thumbnail","6":"product_cat-avant-de-peindre-fr-3","7":"product_cat-avant-de-peindre-fr-4","8":"product_cat-avant-de-peindre","9":"product_cat-gamme-en-phase-aqueuse","10":"product_cat-humidite","11":"product_cat-ligne-anti-humidite","12":"product_cat-zonas-muy-humedas-fr","13":"pa_formatos-4l-fr","14":"pa_formatos-750ml-fr","15":"pa_formatos-8l-fr","16":"pa_herramientas-airless-fr","17":"pa_herramientas-brocha-fr","18":"pa_herramientas-pistola-fr","19":"pa_herramientas-rodillo-fr-2","20":"pa_iconos-1-base-agua-fr","21":"pa_iconos-38-rendimiento-de-10-15-m2l-fr","22":"pa_iconos-45-exterior-interior-fr","23":"pa_iconos-conservateur-anti-moisissures-systeme-atmh","24":"pa_iconos-listo-al-uso-fr","26":"first","27":"instock","28":"shipping-taxable","29":"product-type-simple"},"acf":[],"_links":{"self":[{"href":"https:\/\/jafep.com\/fr\/wp-json\/wp\/v2\/product\/2096","targetHints":{"allow":["GET"]}}],"collection":[{"href":"https:\/\/jafep.com\/fr\/wp-json\/wp\/v2\/product"}],"about":[{"href":"https:\/\/jafep.com\/fr\/wp-json\/wp\/v2\/types\/product"}],"replies":[{"embeddable":true,"href":"https:\/\/jafep.com\/fr\/wp-json\/wp\/v2\/comments?post=2096"}],"wp:featuredmedia":[{"embeddable":true,"href":"https:\/\/jafep.com\/fr\/wp-json\/wp\/v2\/media\/82284"}],"wp:attachment":[{"href":"https:\/\/jafep.com\/fr\/wp-json\/wp\/v2\/media?parent=2096"}],"wp:term":[{"taxonomy":"product_brand","embeddable":true,"href":"https:\/\/jafep.com\/fr\/wp-json\/wp\/v2\/product_brand?post=2096"},{"taxonomy":"product_cat","embeddable":true,"href":"https:\/\/jafep.com\/fr\/wp-json\/wp\/v2\/product_cat?post=2096"},{"taxonomy":"product_tag","embeddable":true,"href":"https:\/\/jafep.com\/fr\/wp-json\/wp\/v2\/product_tag?post=2096"}],"curies":[{"name":"wp","href":"https:\/\/api.w.org\/{rel}","templated":true}]}}