{"id":2095,"date":"2014-06-13T08:06:49","date_gmt":"2016-02-23T10:50:11","guid":{"rendered":"https:\/\/jafep.com\/?post_type=product&#038;p=2095"},"modified":"2023-04-20T06:57:11","modified_gmt":"2023-04-20T06:57:11","slug":"peinture-anti-taches-finition-sans-odeur","status":"publish","type":"product","link":"https:\/\/jafep.com\/fr\/producto\/peinture-anti-taches-finition-sans-odeur\/","title":{"rendered":"Peinture anti taches finition \u00ab sans odeur \u00bb"},"content":{"rendered":"<p>Pour int\u00e9rieur avec probl\u00e8mes de taches et o\u00f9 une finition rapide est n\u00e9cessaire. <\/p>\n","protected":false},"excerpt":{"rendered":"<p>Pour int\u00e9rieur avec probl\u00e8mes de taches et o\u00f9 une finition rapide est n\u00e9cessaire.<\/p>\n","protected":false},"featured_media":82279,"comment_status":"closed","ping_status":"closed","template":"","meta":{"_acf_changed":false,"_links_to":"","_links_to_target":""},"product_brand":[],"product_cat":[984,453,1312,465,1502],"product_tag":[],"class_list":{"0":"post-2095","1":"product","2":"type-product","3":"status-publish","4":"has-post-thumbnail","6":"product_cat-esmaltes-imprimaciones-y-selladoras-fr","7":"product_cat-fixateurs-de-fond","8":"product_cat-ligne-anti-humidite","9":"product_cat-peintures-en-phase-solvant","10":"product_cat-taches","11":"pa_formatos-15l-fr","12":"pa_formatos-4l-fr","13":"pa_formatos-750ml-fr","14":"pa_herramientas-brocha-fr","15":"pa_herramientas-rodillo-fr-2","16":"pa_iconos-2-base-solvente-fr","17":"pa_iconos-40-brocha-rodillo-fr","18":"pa_iconos-46-interior-fr","19":"pa_iconos-mate-fr","20":"pa_iconos-rendimiento-14-17-m2-l-fr","22":"first","23":"instock","24":"shipping-taxable","25":"product-type-simple"},"acf":[],"_links":{"self":[{"href":"https:\/\/jafep.com\/fr\/wp-json\/wp\/v2\/product\/2095","targetHints":{"allow":["GET"]}}],"collection":[{"href":"https:\/\/jafep.com\/fr\/wp-json\/wp\/v2\/product"}],"about":[{"href":"https:\/\/jafep.com\/fr\/wp-json\/wp\/v2\/types\/product"}],"replies":[{"embeddable":true,"href":"https:\/\/jafep.com\/fr\/wp-json\/wp\/v2\/comments?post=2095"}],"wp:featuredmedia":[{"embeddable":true,"href":"https:\/\/jafep.com\/fr\/wp-json\/wp\/v2\/media\/82279"}],"wp:attachment":[{"href":"https:\/\/jafep.com\/fr\/wp-json\/wp\/v2\/media?parent=2095"}],"wp:term":[{"taxonomy":"product_brand","embeddable":true,"href":"https:\/\/jafep.com\/fr\/wp-json\/wp\/v2\/product_brand?post=2095"},{"taxonomy":"product_cat","embeddable":true,"href":"https:\/\/jafep.com\/fr\/wp-json\/wp\/v2\/product_cat?post=2095"},{"taxonomy":"product_tag","embeddable":true,"href":"https:\/\/jafep.com\/fr\/wp-json\/wp\/v2\/product_tag?post=2095"}],"curies":[{"name":"wp","href":"https:\/\/api.w.org\/{rel}","templated":true}]}}