{"id":2094,"date":"2014-06-13T07:57:17","date_gmt":"2016-02-23T10:49:17","guid":{"rendered":"https:\/\/jafep.com\/?post_type=product&#038;p=2094"},"modified":"2023-04-19T11:57:33","modified_gmt":"2023-04-19T11:57:33","slug":"peinture-anti-taches-thixotrope","status":"publish","type":"product","link":"https:\/\/jafep.com\/fr\/producto\/peinture-anti-taches-thixotrope\/","title":{"rendered":"Peinture Anti taches Thixotrope"},"content":{"rendered":"<p>Peinture mate pour application en int\u00e9rieur sur murs, plafonds avec probl\u00e8mes de taches de fum\u00e9e, d\u2019humidit\u00e9, d\u2019oxydation, etc. Recouvrable par pratiquement tout type de peinture de finitions. <\/p>\n","protected":false},"excerpt":{"rendered":"<p>Peinture mate pour application en int\u00e9rieur sur murs, plafonds avec probl\u00e8mes de taches de fum\u00e9e, d\u2019humidit\u00e9, d\u2019oxydation, etc. Recouvrable par pratiquement tout type de peinture de finitions.<\/p>\n","protected":false},"featured_media":82274,"comment_status":"closed","ping_status":"closed","template":"","meta":{"_acf_changed":false,"_links_to":"","_links_to_target":""},"product_brand":[],"product_cat":[984,453,1312,465],"product_tag":[],"class_list":{"0":"post-2094","1":"product","2":"type-product","3":"status-publish","4":"has-post-thumbnail","6":"product_cat-esmaltes-imprimaciones-y-selladoras-fr","7":"product_cat-fixateurs-de-fond","8":"product_cat-ligne-anti-humidite","9":"product_cat-peintures-en-phase-solvant","10":"pa_formatos-15l-fr","11":"pa_formatos-4l-fr","12":"pa_formatos-750ml-fr","13":"pa_herramientas-brocha-fr","14":"pa_herramientas-rodillo-fr-2","15":"pa_iconos-2-base-solvente-fr","16":"pa_iconos-40-brocha-rodillo-fr","17":"pa_iconos-46-interior-fr","18":"pa_iconos-mate-fr","19":"pa_iconos-rendimiento-14-17-m2-l-fr","21":"first","22":"instock","23":"shipping-taxable","24":"product-type-simple"},"acf":[],"_links":{"self":[{"href":"https:\/\/jafep.com\/fr\/wp-json\/wp\/v2\/product\/2094","targetHints":{"allow":["GET"]}}],"collection":[{"href":"https:\/\/jafep.com\/fr\/wp-json\/wp\/v2\/product"}],"about":[{"href":"https:\/\/jafep.com\/fr\/wp-json\/wp\/v2\/types\/product"}],"replies":[{"embeddable":true,"href":"https:\/\/jafep.com\/fr\/wp-json\/wp\/v2\/comments?post=2094"}],"wp:featuredmedia":[{"embeddable":true,"href":"https:\/\/jafep.com\/fr\/wp-json\/wp\/v2\/media\/82274"}],"wp:attachment":[{"href":"https:\/\/jafep.com\/fr\/wp-json\/wp\/v2\/media?parent=2094"}],"wp:term":[{"taxonomy":"product_brand","embeddable":true,"href":"https:\/\/jafep.com\/fr\/wp-json\/wp\/v2\/product_brand?post=2094"},{"taxonomy":"product_cat","embeddable":true,"href":"https:\/\/jafep.com\/fr\/wp-json\/wp\/v2\/product_cat?post=2094"},{"taxonomy":"product_tag","embeddable":true,"href":"https:\/\/jafep.com\/fr\/wp-json\/wp\/v2\/product_tag?post=2094"}],"curies":[{"name":"wp","href":"https:\/\/api.w.org\/{rel}","templated":true}]}}