{"id":2090,"date":"2014-06-13T07:43:39","date_gmt":"2016-02-23T10:46:27","guid":{"rendered":"https:\/\/jafep.com\/?post_type=product&#038;p=2090"},"modified":"2023-04-26T08:27:07","modified_gmt":"2023-04-26T08:27:07","slug":"peinture-anti-humidite-impermeabilisante","status":"publish","type":"product","link":"https:\/\/jafep.com\/fr\/producto\/peinture-anti-humidite-impermeabilisante\/","title":{"rendered":"Peinture anti-humidit\u00e9 Imperm\u00e9abilisante"},"content":{"rendered":"<p>Peinture acrylique en phase solvant pour int\u00e9rieur et ext\u00e9rieur. Elle retarde l\u2019apparition de l\u2019humidit\u00e9. <\/p>\n","protected":false},"excerpt":{"rendered":"<p>Peinture Acrylique en Phase Solvant <\/p>\n","protected":false},"featured_media":82269,"comment_status":"closed","ping_status":"closed","template":"","meta":{"_acf_changed":false,"_links_to":"","_links_to_target":""},"product_brand":[],"product_cat":[1312,465],"product_tag":[],"class_list":{"0":"post-2090","1":"product","2":"type-product","3":"status-publish","4":"has-post-thumbnail","6":"product_cat-ligne-anti-humidite","7":"product_cat-peintures-en-phase-solvant","8":"pa_formatos-4l-fr","9":"pa_formatos-750ml-fr","10":"pa_herramientas-brocha-fr","11":"pa_herramientas-brocha-esmalte-barniz-acrilico-microfibra-fr","12":"pa_herramientas-rodillo-fr-2","13":"pa_herramientas-rodillo-fachadas-lana-oveja-20mm-fr","14":"pa_herramientas-rodillo-fachadas-poliamida-extra-larga-de-20mm-fr","15":"pa_herramientas-rodillo-fachadas-poliamida-larga-de-19mm-fr","16":"pa_herramientas-rodillo-iinterior-100-microfibra-de-11mm-fr","17":"pa_herramientas-rodillo-interior-poliamida-de-11mm-fr","18":"pa_iconos-2-base-solvente-fr","19":"pa_iconos-40-brocha-rodillo-fr","20":"pa_iconos-45-exterior-interior-fr","21":"pa_iconos-51-mate-60o-fr","22":"pa_iconos-mate-fr","23":"pa_iconos-rendimiento-4-6-m2-l-fr","25":"first","26":"instock","27":"shipping-taxable","28":"product-type-simple"},"acf":[],"_links":{"self":[{"href":"https:\/\/jafep.com\/fr\/wp-json\/wp\/v2\/product\/2090","targetHints":{"allow":["GET"]}}],"collection":[{"href":"https:\/\/jafep.com\/fr\/wp-json\/wp\/v2\/product"}],"about":[{"href":"https:\/\/jafep.com\/fr\/wp-json\/wp\/v2\/types\/product"}],"replies":[{"embeddable":true,"href":"https:\/\/jafep.com\/fr\/wp-json\/wp\/v2\/comments?post=2090"}],"wp:featuredmedia":[{"embeddable":true,"href":"https:\/\/jafep.com\/fr\/wp-json\/wp\/v2\/media\/82269"}],"wp:attachment":[{"href":"https:\/\/jafep.com\/fr\/wp-json\/wp\/v2\/media?parent=2090"}],"wp:term":[{"taxonomy":"product_brand","embeddable":true,"href":"https:\/\/jafep.com\/fr\/wp-json\/wp\/v2\/product_brand?post=2090"},{"taxonomy":"product_cat","embeddable":true,"href":"https:\/\/jafep.com\/fr\/wp-json\/wp\/v2\/product_cat?post=2090"},{"taxonomy":"product_tag","embeddable":true,"href":"https:\/\/jafep.com\/fr\/wp-json\/wp\/v2\/product_tag?post=2090"}],"curies":[{"name":"wp","href":"https:\/\/api.w.org\/{rel}","templated":true}]}}