{"id":2085,"date":"2014-06-12T11:35:14","date_gmt":"2014-06-12T11:35:14","guid":{"rendered":"https:\/\/jafep.com\/?post_type=product&#038;p=2085"},"modified":"2023-04-26T07:13:19","modified_gmt":"2023-04-26T07:13:19","slug":"piscines-a-leau-jafep","status":"publish","type":"product","link":"https:\/\/jafep.com\/fr\/producto\/piscines-a-leau-jafep\/","title":{"rendered":"Piscines \u00e0 L\u2019Eau JAFEP"},"content":{"rendered":"<p>R\u00e9sistance sp\u00e9ciale \u00e0 l\u2019eau, aux alcalis et aux acides. <\/p>\n","protected":false},"excerpt":{"rendered":"<p>R\u00e9sistance sp\u00e9ciale \u00e0 l\u2019eau, aux alcalis et aux acides.<\/p>\n","protected":false},"featured_media":82254,"comment_status":"closed","ping_status":"closed","template":"","meta":{"_acf_changed":false,"_links_to":"","_links_to_target":""},"product_brand":[],"product_cat":[1317,1460],"product_tag":[],"class_list":{"0":"post-2085","1":"product","2":"type-product","3":"status-publish","4":"has-post-thumbnail","6":"product_cat-ligne-sportive","7":"product_cat-peindre-la-piscine","8":"pa_formatos-15l-fr","9":"pa_formatos-4l-fr","10":"pa_herramientas-airless-fr","11":"pa_herramientas-brocha-fr","12":"pa_herramientas-pistola-fr","13":"pa_herramientas-rodillo-fachadas-lana-oveja-20mm-fr","14":"pa_herramientas-rodillo-fachadas-poliamida-extra-larga-de-20mm-fr","15":"pa_herramientas-rodillo-fachadas-poliamida-larga-de-19mm-fr","16":"pa_iconos-1-base-agua-fr","17":"pa_iconos-33-rendimiento-8-10-m2l-fr","18":"pa_iconos-51-mate-60o-fr","19":"pa_iconos-61-lavabilidad-nivel-2-fr","20":"pa_iconos-conservateur-anti-moisissures-systeme-atmh","21":"pa_iconos-exterior-fr","22":"pa_iconos-mate-fr","24":"first","25":"instock","26":"shipping-taxable","27":"product-type-simple"},"acf":[],"_links":{"self":[{"href":"https:\/\/jafep.com\/fr\/wp-json\/wp\/v2\/product\/2085","targetHints":{"allow":["GET"]}}],"collection":[{"href":"https:\/\/jafep.com\/fr\/wp-json\/wp\/v2\/product"}],"about":[{"href":"https:\/\/jafep.com\/fr\/wp-json\/wp\/v2\/types\/product"}],"replies":[{"embeddable":true,"href":"https:\/\/jafep.com\/fr\/wp-json\/wp\/v2\/comments?post=2085"}],"wp:featuredmedia":[{"embeddable":true,"href":"https:\/\/jafep.com\/fr\/wp-json\/wp\/v2\/media\/82254"}],"wp:attachment":[{"href":"https:\/\/jafep.com\/fr\/wp-json\/wp\/v2\/media?parent=2085"}],"wp:term":[{"taxonomy":"product_brand","embeddable":true,"href":"https:\/\/jafep.com\/fr\/wp-json\/wp\/v2\/product_brand?post=2085"},{"taxonomy":"product_cat","embeddable":true,"href":"https:\/\/jafep.com\/fr\/wp-json\/wp\/v2\/product_cat?post=2085"},{"taxonomy":"product_tag","embeddable":true,"href":"https:\/\/jafep.com\/fr\/wp-json\/wp\/v2\/product_tag?post=2085"}],"curies":[{"name":"wp","href":"https:\/\/api.w.org\/{rel}","templated":true}]}}