{"id":2083,"date":"2014-06-12T11:26:44","date_gmt":"2014-06-12T11:26:44","guid":{"rendered":"https:\/\/jafep.com\/?post_type=product&#038;p=2083"},"modified":"2023-04-26T07:06:35","modified_gmt":"2023-04-26T07:06:35","slug":"pin-sport","status":"publish","type":"product","link":"https:\/\/jafep.com\/fr\/producto\/pin-sport\/","title":{"rendered":"Pin Sport"},"content":{"rendered":"<p>Rev\u00eatement monocomposant \u00e0 base de r\u00e9sines acryliques \u00e0 base d&#8217;eau, avec une grande duret\u00e9 et adh\u00e9rence. Tr\u00e8s r\u00e9sistant \u00e0 l&#8217;abrasion et aux intemp\u00e9ries gr\u00e2ce \u00e0 ses couleurs, solides \u00e0 l\u00e9gers. Anti poussi\u00e8re. <\/p>\n","protected":false},"excerpt":{"rendered":"<p>Peinture Acrylique <\/p>\n","protected":false},"featured_media":82249,"comment_status":"closed","ping_status":"closed","template":"","meta":{"_acf_changed":false,"_links_to":"","_links_to_target":""},"product_brand":[],"product_cat":[1317,1543,1457,1542,1454],"product_tag":[],"class_list":{"0":"post-2083","1":"product","2":"type-product","3":"status-publish","4":"has-post-thumbnail","6":"product_cat-ligne-sportive","7":"product_cat-peindre-le-sol","8":"product_cat-sols","9":"product_cat-sols-fr","10":"product_cat-terrains-de-sport","11":"pa_formatos-15l-fr","12":"pa_formatos-4l-fr","13":"pa_herramientas-airless-fr","14":"pa_herramientas-brocha-fr","15":"pa_herramientas-pistola-fr","16":"pa_herramientas-rodillo-fr-2","17":"pa_herramientas-rodillo-fachadas-lana-oveja-20mm-fr","18":"pa_herramientas-rodillo-fachadas-poliamida-extra-larga-de-20mm-fr","19":"pa_herramientas-rodillo-fachadas-poliamida-larga-de-19mm-fr","20":"pa_iconos-1-base-agua-fr","21":"pa_iconos-37-rendimiento-de-9-a-12-m2l-fr","22":"pa_iconos-51-mate-60o-fr","23":"pa_iconos-61-lavabilidad-nivel-2-fr","24":"pa_iconos-antideslizante-fr","25":"pa_iconos-cartes-de-credit","26":"pa_iconos-exterior-fr","27":"pa_iconos-mate-fr","29":"first","30":"instock","31":"shipping-taxable","32":"product-type-simple"},"acf":[],"_links":{"self":[{"href":"https:\/\/jafep.com\/fr\/wp-json\/wp\/v2\/product\/2083","targetHints":{"allow":["GET"]}}],"collection":[{"href":"https:\/\/jafep.com\/fr\/wp-json\/wp\/v2\/product"}],"about":[{"href":"https:\/\/jafep.com\/fr\/wp-json\/wp\/v2\/types\/product"}],"replies":[{"embeddable":true,"href":"https:\/\/jafep.com\/fr\/wp-json\/wp\/v2\/comments?post=2083"}],"wp:featuredmedia":[{"embeddable":true,"href":"https:\/\/jafep.com\/fr\/wp-json\/wp\/v2\/media\/82249"}],"wp:attachment":[{"href":"https:\/\/jafep.com\/fr\/wp-json\/wp\/v2\/media?parent=2083"}],"wp:term":[{"taxonomy":"product_brand","embeddable":true,"href":"https:\/\/jafep.com\/fr\/wp-json\/wp\/v2\/product_brand?post=2083"},{"taxonomy":"product_cat","embeddable":true,"href":"https:\/\/jafep.com\/fr\/wp-json\/wp\/v2\/product_cat?post=2083"},{"taxonomy":"product_tag","embeddable":true,"href":"https:\/\/jafep.com\/fr\/wp-json\/wp\/v2\/product_tag?post=2083"}],"curies":[{"name":"wp","href":"https:\/\/api.w.org\/{rel}","templated":true}]}}