{"id":2077,"date":"2014-06-12T10:43:28","date_gmt":"2016-02-23T10:35:00","guid":{"rendered":"https:\/\/jafep.com\/?post_type=product&#038;p=2077"},"modified":"2023-04-24T08:19:25","modified_gmt":"2023-04-24T08:19:25","slug":"pinkel","status":"publish","type":"product","link":"https:\/\/jafep.com\/fr\/producto\/pinkel\/","title":{"rendered":"Pinkel"},"content":{"rendered":"<p>Peinture \u00e0 l\u2019eau de haute viscosit\u00e9 pour int\u00e9rieur, id\u00e9al pour faire des finitions en relief, textur\u00e9es. <\/p>\n","protected":false},"excerpt":{"rendered":"<p>Peinture \u00e0 l\u2019eau de haute viscosit\u00e9 pour int\u00e9rieur, id\u00e9al pour faire des finitions en relief, textur\u00e9es.<\/p>\n","protected":false},"featured_media":82234,"comment_status":"closed","ping_status":"closed","template":"","meta":{"_acf_changed":false,"_links_to":"","_links_to_target":""},"product_brand":[],"product_cat":[750,294],"product_tag":[],"class_list":{"0":"post-2077","1":"product","2":"type-product","3":"status-publish","4":"has-post-thumbnail","6":"product_cat-pinturas-plasticas-fr-2","7":"product_cat-usos-especiales-fr","8":"pa_formatos-25kg-fr","9":"pa_formatos-5kg-fr","10":"pa_herramientas-brocha-fr","11":"pa_herramientas-rodillo-fr-2","12":"pa_herramientas-rodillo-esmalte-barniz-sintetico-y-acrilico-100-espuma-densidad-60-fr","13":"pa_iconos-1-m2-l-fr","14":"pa_iconos-1-base-agua-fr","15":"pa_iconos-40-brocha-rodillo-fr","16":"pa_iconos-46-interior-fr","17":"pa_iconos-51-mate-60o-fr","18":"pa_iconos-mate-fr","20":"first","21":"instock","22":"shipping-taxable","23":"product-type-simple"},"acf":[],"_links":{"self":[{"href":"https:\/\/jafep.com\/fr\/wp-json\/wp\/v2\/product\/2077","targetHints":{"allow":["GET"]}}],"collection":[{"href":"https:\/\/jafep.com\/fr\/wp-json\/wp\/v2\/product"}],"about":[{"href":"https:\/\/jafep.com\/fr\/wp-json\/wp\/v2\/types\/product"}],"replies":[{"embeddable":true,"href":"https:\/\/jafep.com\/fr\/wp-json\/wp\/v2\/comments?post=2077"}],"wp:featuredmedia":[{"embeddable":true,"href":"https:\/\/jafep.com\/fr\/wp-json\/wp\/v2\/media\/82234"}],"wp:attachment":[{"href":"https:\/\/jafep.com\/fr\/wp-json\/wp\/v2\/media?parent=2077"}],"wp:term":[{"taxonomy":"product_brand","embeddable":true,"href":"https:\/\/jafep.com\/fr\/wp-json\/wp\/v2\/product_brand?post=2077"},{"taxonomy":"product_cat","embeddable":true,"href":"https:\/\/jafep.com\/fr\/wp-json\/wp\/v2\/product_cat?post=2077"},{"taxonomy":"product_tag","embeddable":true,"href":"https:\/\/jafep.com\/fr\/wp-json\/wp\/v2\/product_tag?post=2077"}],"curies":[{"name":"wp","href":"https:\/\/api.w.org\/{rel}","templated":true}]}}