{"id":2076,"date":"2014-06-12T10:32:25","date_gmt":"2016-02-23T10:34:15","guid":{"rendered":"https:\/\/jafep.com\/?post_type=product&#038;p=2076"},"modified":"2023-05-08T09:53:28","modified_gmt":"2023-05-08T09:53:28","slug":"peinture-acrylique-de-reparation","status":"publish","type":"product","link":"https:\/\/jafep.com\/fr\/producto\/peinture-acrylique-de-reparation\/","title":{"rendered":"Peinture acrylique de r\u00e9paration"},"content":{"rendered":"<p>D\u00e9velopp\u00e9e sp\u00e9cialement comme fond pour surfaces int\u00e9rieures neuves., Particuli\u00e8rement pour pl\u00e2tre projet\u00e9, traditionnel, Placopl\u00e2tre, etc. Id\u00e9ale pour solutionner les probl\u00e8mes d\u2019adh\u00e9rence, pour unifier et planer les petites fissures en une seule couche. <\/p>\n","protected":false},"excerpt":{"rendered":"<p>D\u00e9velopp\u00e9e sp\u00e9cialement comme fond pour surfaces int\u00e9rieures neuves., Particuli\u00e8rement pour pl\u00e2tre projet\u00e9, traditionnel, Placopl\u00e2tre, etc. Id\u00e9ale pour solutionner les probl\u00e8mes d\u2019adh\u00e9rence, pour unifier et planer les petites fissures en une seule couche.<\/p>\n","protected":false},"featured_media":83149,"comment_status":"closed","ping_status":"closed","template":"","meta":{"_acf_changed":false,"_links_to":"","_links_to_target":""},"product_brand":[],"product_cat":[1585,536,1359],"product_tag":[],"class_list":{"0":"post-2076","1":"product","2":"type-product","3":"status-publish","4":"has-post-thumbnail","6":"product_cat-avant-de-peindre-fr-4","7":"product_cat-complements","8":"product_cat-preparation-et-sous-couches","9":"pa_formatos-25kg-fr","10":"pa_herramientas-airless-fr","11":"pa_herramientas-pistola-fr","12":"pa_iconos-1-base-agua-fr","13":"pa_iconos-46-interior-fr","14":"pa_iconos-50-extra-mate-85o-fr","15":"pa_iconos-63-lavabilidad-nivel-4-fr","16":"pa_iconos-extra-mate-profundo-fr","17":"pa_iconos-rendimiento-5-8-m2-l-fr","19":"first","20":"instock","21":"shipping-taxable","22":"product-type-simple"},"acf":[],"_links":{"self":[{"href":"https:\/\/jafep.com\/fr\/wp-json\/wp\/v2\/product\/2076","targetHints":{"allow":["GET"]}}],"collection":[{"href":"https:\/\/jafep.com\/fr\/wp-json\/wp\/v2\/product"}],"about":[{"href":"https:\/\/jafep.com\/fr\/wp-json\/wp\/v2\/types\/product"}],"replies":[{"embeddable":true,"href":"https:\/\/jafep.com\/fr\/wp-json\/wp\/v2\/comments?post=2076"}],"wp:featuredmedia":[{"embeddable":true,"href":"https:\/\/jafep.com\/fr\/wp-json\/wp\/v2\/media\/83149"}],"wp:attachment":[{"href":"https:\/\/jafep.com\/fr\/wp-json\/wp\/v2\/media?parent=2076"}],"wp:term":[{"taxonomy":"product_brand","embeddable":true,"href":"https:\/\/jafep.com\/fr\/wp-json\/wp\/v2\/product_brand?post=2076"},{"taxonomy":"product_cat","embeddable":true,"href":"https:\/\/jafep.com\/fr\/wp-json\/wp\/v2\/product_cat?post=2076"},{"taxonomy":"product_tag","embeddable":true,"href":"https:\/\/jafep.com\/fr\/wp-json\/wp\/v2\/product_tag?post=2076"}],"curies":[{"name":"wp","href":"https:\/\/api.w.org\/{rel}","templated":true}]}}