{"id":2074,"date":"2016-02-09T07:56:01","date_gmt":"2016-02-23T10:32:28","guid":{"rendered":"https:\/\/jafep.com\/?post_type=product&#038;p=2074"},"modified":"2016-03-11T12:12:09","modified_gmt":"2016-03-11T12:12:09","slug":"fresh-fruits-monocouche","status":"publish","type":"product","link":"https:\/\/jafep.com\/fr\/producto\/fresh-fruits-monocouche\/","title":{"rendered":"Fresh Fruits Monocouche"},"content":{"rendered":"<p>Peinture acrylique mate sp\u00e9cialemente con\u00e7ue pour obtenir des finitions de diff\u00e9rentes couleurs o\u00f9 l&#8217;odeur classique de la peinture que est r\u00e9mplac\u00e9e par une senteur de fruit. <\/p>\n","protected":false},"excerpt":{"rendered":"<p>Peinture acrylique mate sp\u00e9cialemente con\u00e7ue pour obtenir des finitions de diff\u00e9rentes couleurs o\u00f9 l&#8217;odeur classique de la peinture que est r\u00e9mplac\u00e9e par une senteur de fruit.<\/p>\n","protected":false},"featured_media":0,"comment_status":"closed","ping_status":"closed","template":"","meta":{"_acf_changed":false,"_links_to":"","_links_to_target":""},"product_brand":[],"product_cat":[499,1549,838,750],"product_tag":[],"class_list":{"0":"post-2074","1":"product","2":"type-product","3":"status-publish","5":"product_cat-decoration-interieure-stilo","6":"product_cat-decorer-peindre","7":"product_cat-en-mate-fr-2","8":"product_cat-pinturas-plasticas-fr-2","9":"pa_formatos-4l-fr","10":"pa_herramientas-airless-fr","11":"pa_herramientas-brocha-fr","12":"pa_herramientas-pistola-fr","13":"pa_herramientas-rodillo-fr-2","14":"pa_iconos-1-base-agua-fr","15":"pa_iconos-62-lavabilidad-nivel-3-fr","17":"first","18":"instock","19":"shipping-taxable","20":"product-type-simple"},"acf":[],"_links":{"self":[{"href":"https:\/\/jafep.com\/fr\/wp-json\/wp\/v2\/product\/2074","targetHints":{"allow":["GET"]}}],"collection":[{"href":"https:\/\/jafep.com\/fr\/wp-json\/wp\/v2\/product"}],"about":[{"href":"https:\/\/jafep.com\/fr\/wp-json\/wp\/v2\/types\/product"}],"replies":[{"embeddable":true,"href":"https:\/\/jafep.com\/fr\/wp-json\/wp\/v2\/comments?post=2074"}],"wp:attachment":[{"href":"https:\/\/jafep.com\/fr\/wp-json\/wp\/v2\/media?parent=2074"}],"wp:term":[{"taxonomy":"product_brand","embeddable":true,"href":"https:\/\/jafep.com\/fr\/wp-json\/wp\/v2\/product_brand?post=2074"},{"taxonomy":"product_cat","embeddable":true,"href":"https:\/\/jafep.com\/fr\/wp-json\/wp\/v2\/product_cat?post=2074"},{"taxonomy":"product_tag","embeddable":true,"href":"https:\/\/jafep.com\/fr\/wp-json\/wp\/v2\/product_tag?post=2074"}],"curies":[{"name":"wp","href":"https:\/\/api.w.org\/{rel}","templated":true}]}}