{"id":2072,"date":"2016-02-09T07:36:51","date_gmt":"2016-02-09T07:36:51","guid":{"rendered":"https:\/\/jafep.com\/?post_type=product&#038;p=2072"},"modified":"2023-04-24T07:22:15","modified_gmt":"2023-04-24T07:22:15","slug":"pinecol-3","status":"publish","type":"product","link":"https:\/\/jafep.com\/fr\/producto\/pinecol-3\/","title":{"rendered":"Pinecol"},"content":{"rendered":"<p>Sp\u00e9cialement indiqu\u00e9e pour la d\u00e9coration d\u2019int\u00e9rieur de qualit\u00e9. Permet d\u2019occuper les pi\u00e8ces de la maison imm\u00e9diatement, sans g\u00eane, ni risque pour la sant\u00e9. <\/p>\n","protected":false},"excerpt":{"rendered":"<p>Sp\u00e9cialement indiqu\u00e9e pour la d\u00e9coration d\u2019int\u00e9rieur de qualit\u00e9. Permet d\u2019occuper les pi\u00e8ces de la maison imm\u00e9diatement, sans g\u00eane, ni risque pour la sant\u00e9.<\/p>\n","protected":false},"featured_media":82754,"comment_status":"closed","ping_status":"closed","template":"","meta":{"_acf_changed":false,"_links_to":"","_links_to_target":""},"product_brand":[],"product_cat":[1349,750],"product_tag":[],"class_list":{"0":"post-2072","1":"product","2":"type-product","3":"status-publish","4":"has-post-thumbnail","6":"product_cat-peintures-eco-friendly","7":"product_cat-pinturas-plasticas-fr-2","8":"pa_formatos-15l-fr","9":"pa_formatos-4l-fr","10":"pa_herramientas-airless-fr","11":"pa_herramientas-brocha-fr","12":"pa_herramientas-pistola-fr","13":"pa_herramientas-rodillo-iinterior-100-microfibra-de-11mm-fr","14":"pa_herramientas-rodillo-interior-poliamida-de-11mm-fr","15":"pa_iconos-1-base-agua-fr","16":"pa_iconos-34-rendimiento-de-10-12-m2l-fr","17":"pa_iconos-45-exterior-interior-fr","18":"pa_iconos-51-mate-60o-fr","19":"pa_iconos-61-lavabilidad-nivel-2-fr","20":"pa_iconos-ecolabel-fr","21":"pa_iconos-mate-fr","22":"pa_iconos-mate3-5-fr","24":"first","25":"instock","26":"shipping-taxable","27":"product-type-simple"},"acf":[],"_links":{"self":[{"href":"https:\/\/jafep.com\/fr\/wp-json\/wp\/v2\/product\/2072","targetHints":{"allow":["GET"]}}],"collection":[{"href":"https:\/\/jafep.com\/fr\/wp-json\/wp\/v2\/product"}],"about":[{"href":"https:\/\/jafep.com\/fr\/wp-json\/wp\/v2\/types\/product"}],"replies":[{"embeddable":true,"href":"https:\/\/jafep.com\/fr\/wp-json\/wp\/v2\/comments?post=2072"}],"wp:featuredmedia":[{"embeddable":true,"href":"https:\/\/jafep.com\/fr\/wp-json\/wp\/v2\/media\/82754"}],"wp:attachment":[{"href":"https:\/\/jafep.com\/fr\/wp-json\/wp\/v2\/media?parent=2072"}],"wp:term":[{"taxonomy":"product_brand","embeddable":true,"href":"https:\/\/jafep.com\/fr\/wp-json\/wp\/v2\/product_brand?post=2072"},{"taxonomy":"product_cat","embeddable":true,"href":"https:\/\/jafep.com\/fr\/wp-json\/wp\/v2\/product_cat?post=2072"},{"taxonomy":"product_tag","embeddable":true,"href":"https:\/\/jafep.com\/fr\/wp-json\/wp\/v2\/product_tag?post=2072"}],"curies":[{"name":"wp","href":"https:\/\/api.w.org\/{rel}","templated":true}]}}