{"id":2069,"date":"2014-06-12T09:44:13","date_gmt":"2016-02-23T10:27:21","guid":{"rendered":"https:\/\/jafep.com\/?post_type=product&#038;p=2069"},"modified":"2023-04-25T09:05:24","modified_gmt":"2023-04-25T09:05:24","slug":"petrex-5-mortier-acrylique-2","status":"publish","type":"product","link":"https:\/\/jafep.com\/fr\/producto\/petrex-5-mortier-acrylique-2\/","title":{"rendered":"Petrex 5 Mortier Acrylique"},"content":{"rendered":"<p>Rev\u00eatement p\u00e2te uni composant en couche \u00e9paisse. Pour ext\u00e9rieur. Grande duret\u00e9 et imperm\u00e9abilit\u00e9. Application \u00e0 la taloche. <\/p>\n","protected":false},"excerpt":{"rendered":"<p>Rev\u00eatement p\u00e2te uni composant en couche \u00e9paisse. Pour ext\u00e9rieur. Grande duret\u00e9 et imperm\u00e9abilit\u00e9. Application \u00e0 la taloche.<\/p>\n","protected":false},"featured_media":83765,"comment_status":"closed","ping_status":"closed","template":"","meta":{"_acf_changed":false,"_links_to":"","_links_to_target":""},"product_brand":[],"product_cat":[828,1584,1581,1389,1582,1379],"product_tag":[],"class_list":{"0":"post-2069","1":"product","2":"type-product","3":"status-publish","4":"has-post-thumbnail","6":"product_cat-exteriores-fr","7":"product_cat-isolation-thermique","8":"product_cat-ite-isolation-thermique-par-lexterieur","9":"product_cat-mortiers-acryliques","10":"product_cat-reparer-les-facades","11":"product_cat-revetements","12":"pa_formatos-25kg-fr","13":"pa_herramientas-airless-fr","14":"pa_herramientas-pistola-fr","15":"pa_herramientas-truelle-en-acier-inoxydable","16":"pa_iconos-1-m2-l-fr","17":"pa_iconos-1-base-agua-fr","18":"pa_iconos-cartes-de-credit","19":"pa_iconos-ce-etag-004-fr","20":"pa_iconos-conservateur-anti-moisissures-systeme-atmh","21":"pa_iconos-exterior-fr","22":"pa_iconos-fratasado-mate-fr","24":"first","25":"instock","26":"shipping-taxable","27":"product-type-simple"},"acf":[],"_links":{"self":[{"href":"https:\/\/jafep.com\/fr\/wp-json\/wp\/v2\/product\/2069","targetHints":{"allow":["GET"]}}],"collection":[{"href":"https:\/\/jafep.com\/fr\/wp-json\/wp\/v2\/product"}],"about":[{"href":"https:\/\/jafep.com\/fr\/wp-json\/wp\/v2\/types\/product"}],"replies":[{"embeddable":true,"href":"https:\/\/jafep.com\/fr\/wp-json\/wp\/v2\/comments?post=2069"}],"wp:featuredmedia":[{"embeddable":true,"href":"https:\/\/jafep.com\/fr\/wp-json\/wp\/v2\/media\/83765"}],"wp:attachment":[{"href":"https:\/\/jafep.com\/fr\/wp-json\/wp\/v2\/media?parent=2069"}],"wp:term":[{"taxonomy":"product_brand","embeddable":true,"href":"https:\/\/jafep.com\/fr\/wp-json\/wp\/v2\/product_brand?post=2069"},{"taxonomy":"product_cat","embeddable":true,"href":"https:\/\/jafep.com\/fr\/wp-json\/wp\/v2\/product_cat?post=2069"},{"taxonomy":"product_tag","embeddable":true,"href":"https:\/\/jafep.com\/fr\/wp-json\/wp\/v2\/product_tag?post=2069"}],"curies":[{"name":"wp","href":"https:\/\/api.w.org\/{rel}","templated":true}]}}