{"id":2067,"date":"2014-06-12T09:23:37","date_gmt":"2014-06-12T09:23:37","guid":{"rendered":"https:\/\/jafep.com\/?post_type=product&#038;p=2067"},"modified":"2023-04-25T07:40:00","modified_gmt":"2023-04-25T07:40:00","slug":"petrex-5-avec-conservateur-antimoisissure-2","status":"publish","type":"product","link":"https:\/\/jafep.com\/fr\/producto\/petrex-5-avec-conservateur-antimoisissure-2\/","title":{"rendered":"P\u00e9trex 5 avec conservateur Antimoisissure. Rev\u00eatement Lisse"},"content":{"rendered":"<p>Rev\u00eatement en pierre acrylique pour ext\u00e9rieur. Imperm\u00e9able et lavable. Tr\u00e8s r\u00e9sistant aux intemp\u00e9ries, au salp\u00eatre et \u00e0 l&#8217;abrasion. Bonne couverture et performances. Imperm\u00e9abilise la fa\u00e7ade en maintenant sa respirabilit\u00e9. Il est \u00e9galement additif avec des conservateurs actifs pour la protection du film. <\/p>\n","protected":false},"excerpt":{"rendered":"<p>Rev\u00eatement en Pierre Acrylique <\/p>\n","protected":false},"featured_media":82219,"comment_status":"closed","ping_status":"closed","template":"","meta":{"_acf_changed":false,"_links_to":"","_links_to_target":""},"product_brand":[],"product_cat":[828,838,1547,1581,829,508,1582,1379,1539],"product_tag":[],"class_list":{"0":"post-2067","1":"product","2":"type-product","3":"status-publish","4":"has-post-thumbnail","6":"product_cat-exteriores-fr","7":"product_cat-en-mate-fr-2","8":"product_cat-interieurs","9":"product_cat-ite-isolation-thermique-par-lexterieur","10":"product_cat-fachadas-fr","11":"product_cat-petrex-5-fr","12":"product_cat-reparer-les-facades","13":"product_cat-revetements","14":"product_cat-zones-faiblement-humides","15":"pa_formatos-15l-fr","16":"pa_formatos-4l-fr","17":"pa_herramientas-airless-fr","18":"pa_herramientas-brocha-fr","19":"pa_herramientas-pistola-fr","20":"pa_herramientas-rodillo-fr-2","21":"pa_herramientas-rodillo-fachadas-lana-oveja-20mm-fr","22":"pa_herramientas-rodillo-fachadas-poliamida-extra-larga-de-20mm-fr","23":"pa_herramientas-rodillo-fachadas-poliamida-larga-de-19mm-fr","24":"pa_iconos-1-base-agua-fr","25":"pa_iconos-51-mate-60o-fr","26":"pa_iconos-61-lavabilidad-nivel-2-fr","27":"pa_iconos-cartes-de-credit","28":"pa_iconos-ce-fr","29":"pa_iconos-ce-etag-004-fr","30":"pa_iconos-cidemco-fr","31":"pa_iconos-conservateur-anti-moisissures-systeme-atmh","32":"pa_iconos-exterior-fr","33":"pa_iconos-ince-fr","34":"pa_iconos-mate-fr","35":"pa_iconos-b-s1d0-fr","36":"pa_iconos-rendimiento-8-12-m2l-fr","38":"first","39":"instock","40":"shipping-taxable","41":"product-type-simple"},"acf":[],"_links":{"self":[{"href":"https:\/\/jafep.com\/fr\/wp-json\/wp\/v2\/product\/2067","targetHints":{"allow":["GET"]}}],"collection":[{"href":"https:\/\/jafep.com\/fr\/wp-json\/wp\/v2\/product"}],"about":[{"href":"https:\/\/jafep.com\/fr\/wp-json\/wp\/v2\/types\/product"}],"replies":[{"embeddable":true,"href":"https:\/\/jafep.com\/fr\/wp-json\/wp\/v2\/comments?post=2067"}],"wp:featuredmedia":[{"embeddable":true,"href":"https:\/\/jafep.com\/fr\/wp-json\/wp\/v2\/media\/82219"}],"wp:attachment":[{"href":"https:\/\/jafep.com\/fr\/wp-json\/wp\/v2\/media?parent=2067"}],"wp:term":[{"taxonomy":"product_brand","embeddable":true,"href":"https:\/\/jafep.com\/fr\/wp-json\/wp\/v2\/product_brand?post=2067"},{"taxonomy":"product_cat","embeddable":true,"href":"https:\/\/jafep.com\/fr\/wp-json\/wp\/v2\/product_cat?post=2067"},{"taxonomy":"product_tag","embeddable":true,"href":"https:\/\/jafep.com\/fr\/wp-json\/wp\/v2\/product_tag?post=2067"}],"curies":[{"name":"wp","href":"https:\/\/api.w.org\/{rel}","templated":true}]}}