{"id":2063,"date":"2014-06-12T09:15:25","date_gmt":"2014-06-12T09:15:25","guid":{"rendered":"https:\/\/jafep.com\/?post_type=product&#038;p=2063"},"modified":"2023-04-25T07:29:54","modified_gmt":"2023-04-25T07:29:54","slug":"petrex-5-silicone","status":"publish","type":"product","link":"https:\/\/jafep.com\/fr\/producto\/petrex-5-silicone\/","title":{"rendered":"Silicone PURE avec Conservateur Anti-Moisissure"},"content":{"rendered":"<p>Rev\u00eatement pour ext\u00e9rieurs avec formulation de Polysiloxanes. Tr\u00e8s r\u00e9sistant aux intemp\u00e9ries, au salp\u00eatre et \u00e0 l&#8217;abrasion. Imperm\u00e9able \u00e0 l&#8217;eau mais avec une excellente perm\u00e9abilit\u00e9 \u00e0 la vapeur d&#8217;eau et avec une protection anti-moisissure. Le polysiloxane lui conf\u00e8re \u00e9galement un effet hydrofuge, ce qui donne \u00e0 la fa\u00e7ade un effet autonettoyant en emp\u00eachant l&#8217;adh\u00e9sion des particules de salet\u00e9 puisque l&#8217;eau de pluie les emporte facilement.<\/p>\n<p>Le fini est tr\u00e8s mat et a un aspect min\u00e9ral naturel. <\/p>\n","protected":false},"excerpt":{"rendered":"<p>Rev\u00eatement Acrylique Polysiloxane <\/p>\n","protected":false},"featured_media":82214,"comment_status":"closed","ping_status":"closed","template":"","meta":{"_acf_changed":false,"_links_to":"","_links_to_target":""},"product_brand":[],"product_cat":[551,1379,1385,1397],"product_tag":[],"class_list":{"0":"post-2063","1":"product","2":"type-product","3":"status-publish","4":"has-post-thumbnail","6":"product_cat-bases-systeme-multicouleur","7":"product_cat-revetements","8":"product_cat-revetements-silicone","9":"product_cat-sisteme-a-teinter","10":"pa_formatos-15l-fr","11":"pa_formatos-4l-fr","12":"pa_herramientas-airless-fr","13":"pa_herramientas-brocha-fr","14":"pa_herramientas-pistola-fr","15":"pa_herramientas-rodillo-fr-2","16":"pa_herramientas-rodillo-fachadas-lana-oveja-20mm-fr","17":"pa_herramientas-rodillo-fachadas-poliamida-extra-larga-de-20mm-fr","18":"pa_herramientas-rodillo-fachadas-poliamida-larga-de-19mm-fr","19":"pa_iconos-1-base-agua-fr","20":"pa_iconos-34-rendimiento-de-10-12-m2l-fr","21":"pa_iconos-51-mate-60o-fr","22":"pa_iconos-61-lavabilidad-nivel-2-fr","23":"pa_iconos-autolimpiable-fr","24":"pa_iconos-cartes-de-credit","25":"pa_iconos-conservateur-anti-moisissures-systeme-atmh","26":"pa_iconos-exterior-fr","27":"pa_iconos-mate-fr","29":"first","30":"instock","31":"shipping-taxable","32":"product-type-simple"},"acf":[],"_links":{"self":[{"href":"https:\/\/jafep.com\/fr\/wp-json\/wp\/v2\/product\/2063","targetHints":{"allow":["GET"]}}],"collection":[{"href":"https:\/\/jafep.com\/fr\/wp-json\/wp\/v2\/product"}],"about":[{"href":"https:\/\/jafep.com\/fr\/wp-json\/wp\/v2\/types\/product"}],"replies":[{"embeddable":true,"href":"https:\/\/jafep.com\/fr\/wp-json\/wp\/v2\/comments?post=2063"}],"wp:featuredmedia":[{"embeddable":true,"href":"https:\/\/jafep.com\/fr\/wp-json\/wp\/v2\/media\/82214"}],"wp:attachment":[{"href":"https:\/\/jafep.com\/fr\/wp-json\/wp\/v2\/media?parent=2063"}],"wp:term":[{"taxonomy":"product_brand","embeddable":true,"href":"https:\/\/jafep.com\/fr\/wp-json\/wp\/v2\/product_brand?post=2063"},{"taxonomy":"product_cat","embeddable":true,"href":"https:\/\/jafep.com\/fr\/wp-json\/wp\/v2\/product_cat?post=2063"},{"taxonomy":"product_tag","embeddable":true,"href":"https:\/\/jafep.com\/fr\/wp-json\/wp\/v2\/product_tag?post=2063"}],"curies":[{"name":"wp","href":"https:\/\/api.w.org\/{rel}","templated":true}]}}