{"id":2062,"date":"2014-06-12T09:02:13","date_gmt":"2014-06-12T09:02:13","guid":{"rendered":"https:\/\/jafep.com\/?post_type=product&#038;p=2062"},"modified":"2023-04-25T08:52:16","modified_gmt":"2023-04-25T08:52:16","slug":"petrex-5-silicate","status":"publish","type":"product","link":"https:\/\/jafep.com\/fr\/producto\/petrex-5-silicate\/","title":{"rendered":"Petrex 5 Silicate"},"content":{"rendered":"<p>Peinture min\u00e9rale. Tr\u00e8s r\u00e9sistante aux agents atmosph\u00e9riques, \u00e0 la salet\u00e9 et au jaunissement.<br \/>\nIndiqu\u00e9e pour l\u2019application sur b\u00e9ton, mortiers de chaux, mortiers de sable, briques&#8230; <\/p>\n","protected":false},"excerpt":{"rendered":"<p>Peinture min\u00e9rale. Tr\u00e8s r\u00e9sistante aux agents atmosph\u00e9riques, \u00e0 la salet\u00e9 et au jaunissement. Indiqu\u00e9e pour l\u2019application sur b\u00e9ton, mortiers de chaux, mortiers de sable, briques&#8230;<\/p>\n","protected":false},"featured_media":82209,"comment_status":"closed","ping_status":"closed","template":"","meta":{"_acf_changed":false,"_links_to":"","_links_to_target":""},"product_brand":[],"product_cat":[828,829,508,1379],"product_tag":[],"class_list":{"0":"post-2062","1":"product","2":"type-product","3":"status-publish","4":"has-post-thumbnail","6":"product_cat-exteriores-fr","7":"product_cat-fachadas-fr","8":"product_cat-petrex-5-fr","9":"product_cat-revetements","10":"pa_formatos-15l-fr","11":"pa_formatos-4l-fr","12":"pa_herramientas-airless-fr","13":"pa_herramientas-brocha-fr","14":"pa_herramientas-pistola-fr","15":"pa_herramientas-rodillo-fr-2","16":"pa_iconos-1-base-agua-fr","17":"pa_iconos-51-mate-60o-fr","18":"pa_iconos-61-lavabilidad-nivel-2-fr","19":"pa_iconos-antibacterias-fr","20":"pa_iconos-cartes-de-credit","21":"pa_iconos-exterior-fr","22":"pa_iconos-mate-fr","23":"pa_iconos-rendimiento-6-8-m2l-fr","25":"first","26":"instock","27":"shipping-taxable","28":"product-type-simple"},"acf":[],"_links":{"self":[{"href":"https:\/\/jafep.com\/fr\/wp-json\/wp\/v2\/product\/2062","targetHints":{"allow":["GET"]}}],"collection":[{"href":"https:\/\/jafep.com\/fr\/wp-json\/wp\/v2\/product"}],"about":[{"href":"https:\/\/jafep.com\/fr\/wp-json\/wp\/v2\/types\/product"}],"replies":[{"embeddable":true,"href":"https:\/\/jafep.com\/fr\/wp-json\/wp\/v2\/comments?post=2062"}],"wp:featuredmedia":[{"embeddable":true,"href":"https:\/\/jafep.com\/fr\/wp-json\/wp\/v2\/media\/82209"}],"wp:attachment":[{"href":"https:\/\/jafep.com\/fr\/wp-json\/wp\/v2\/media?parent=2062"}],"wp:term":[{"taxonomy":"product_brand","embeddable":true,"href":"https:\/\/jafep.com\/fr\/wp-json\/wp\/v2\/product_brand?post=2062"},{"taxonomy":"product_cat","embeddable":true,"href":"https:\/\/jafep.com\/fr\/wp-json\/wp\/v2\/product_cat?post=2062"},{"taxonomy":"product_tag","embeddable":true,"href":"https:\/\/jafep.com\/fr\/wp-json\/wp\/v2\/product_tag?post=2062"}],"curies":[{"name":"wp","href":"https:\/\/api.w.org\/{rel}","templated":true}]}}