{"id":2061,"date":"2014-06-12T08:45:07","date_gmt":"2016-02-23T10:19:33","guid":{"rendered":"https:\/\/jafep.com\/?post_type=product&#038;p=2061"},"modified":"2023-04-25T08:26:19","modified_gmt":"2023-04-25T08:26:19","slug":"petrex-5-peinture-plastique-pour-facade","status":"publish","type":"product","link":"https:\/\/jafep.com\/fr\/producto\/petrex-5-peinture-plastique-pour-facade\/","title":{"rendered":"P\u00e9trex 5 Peinture Plastique pour Fa\u00e7ade"},"content":{"rendered":"<p>Pour la protection des fa\u00e7ades et murs ext\u00e9rieurs. Fournit une finition imperm\u00e9able, couvrante, avec une blancheur inalt\u00e9rable et r\u00e9sistante. Finition mate. <\/p>\n","protected":false},"excerpt":{"rendered":"<p>Pour la protection des fa\u00e7ades et murs ext\u00e9rieurs. Fournit une finition imperm\u00e9able, couvrante, avec une blancheur inalt\u00e9rable et r\u00e9sistante. Finition mate.<\/p>\n","protected":false},"featured_media":0,"comment_status":"closed","ping_status":"closed","template":"","meta":{"_acf_changed":false,"_links_to":"","_links_to_target":""},"product_brand":[],"product_cat":[508,750,1379],"product_tag":[],"class_list":{"0":"post-2061","1":"product","2":"type-product","3":"status-publish","5":"product_cat-petrex-5-fr","6":"product_cat-pinturas-plasticas-fr-2","7":"product_cat-revetements","8":"pa_formatos-15l-fr","9":"pa_formatos-4l-fr","10":"pa_formatos-750ml-fr","11":"pa_herramientas-airless-fr","12":"pa_herramientas-brocha-fr","13":"pa_herramientas-pistola-fr","14":"pa_herramientas-rodillo-fr-2","15":"pa_herramientas-rodillo-fachadas-lana-oveja-20mm-fr","16":"pa_herramientas-rodillo-fachadas-poliamida-extra-larga-de-20mm-fr","17":"pa_herramientas-rodillo-fachadas-poliamida-larga-de-19mm-fr","18":"pa_iconos-1-base-agua-fr","19":"pa_iconos-37-rendimiento-de-9-a-12-m2l-fr","20":"pa_iconos-51-mate-60o-fr","21":"pa_iconos-61-lavabilidad-nivel-2-fr","22":"pa_iconos-exterior-fr","24":"first","25":"instock","26":"shipping-taxable","27":"product-type-simple"},"acf":[],"_links":{"self":[{"href":"https:\/\/jafep.com\/fr\/wp-json\/wp\/v2\/product\/2061","targetHints":{"allow":["GET"]}}],"collection":[{"href":"https:\/\/jafep.com\/fr\/wp-json\/wp\/v2\/product"}],"about":[{"href":"https:\/\/jafep.com\/fr\/wp-json\/wp\/v2\/types\/product"}],"replies":[{"embeddable":true,"href":"https:\/\/jafep.com\/fr\/wp-json\/wp\/v2\/comments?post=2061"}],"wp:attachment":[{"href":"https:\/\/jafep.com\/fr\/wp-json\/wp\/v2\/media?parent=2061"}],"wp:term":[{"taxonomy":"product_brand","embeddable":true,"href":"https:\/\/jafep.com\/fr\/wp-json\/wp\/v2\/product_brand?post=2061"},{"taxonomy":"product_cat","embeddable":true,"href":"https:\/\/jafep.com\/fr\/wp-json\/wp\/v2\/product_cat?post=2061"},{"taxonomy":"product_tag","embeddable":true,"href":"https:\/\/jafep.com\/fr\/wp-json\/wp\/v2\/product_tag?post=2061"}],"curies":[{"name":"wp","href":"https:\/\/api.w.org\/{rel}","templated":true}]}}