{"id":2059,"date":"2014-06-12T08:20:50","date_gmt":"2014-06-12T08:20:50","guid":{"rendered":"https:\/\/jafep.com\/?post_type=product&#038;p=2059"},"modified":"2023-04-25T08:08:56","modified_gmt":"2023-04-25T08:08:56","slug":"petrex-5-revetement-rugueux","status":"publish","type":"product","link":"https:\/\/jafep.com\/fr\/producto\/petrex-5-revetement-rugueux\/","title":{"rendered":"P\u00e9trex 5 Rev\u00eatement rugueux"},"content":{"rendered":"<p>Pour des finitions dures, \u00e9lastiques, imperm\u00e9ables. Haut pouvoir couvrant et garnissant. <\/p>\n","protected":false},"excerpt":{"rendered":"<p>Pour des finitions dures, \u00e9lastiques, imperm\u00e9ables. Haut pouvoir couvrant et garnissant.<\/p>\n","protected":false},"featured_media":82204,"comment_status":"closed","ping_status":"closed","template":"","meta":{"_acf_changed":false,"_links_to":"","_links_to_target":""},"product_brand":[],"product_cat":[508,1379],"product_tag":[],"class_list":{"0":"post-2059","1":"product","2":"type-product","3":"status-publish","4":"has-post-thumbnail","6":"product_cat-petrex-5-fr","7":"product_cat-revetements","8":"pa_formatos-22kg-fr","9":"pa_herramientas-airless-fr","10":"pa_herramientas-brocha-fr","11":"pa_herramientas-pistola-fr","12":"pa_herramientas-rodillo-fr-2","13":"pa_herramientas-rodillo-fachadas-lana-oveja-20mm-fr","14":"pa_herramientas-rodillo-fachadas-poliamida-extra-larga-de-20mm-fr","15":"pa_herramientas-rodillo-fachadas-poliamida-larga-de-19mm-fr","16":"pa_iconos-1-base-agua-fr","17":"pa_iconos-cartes-de-credit","18":"pa_iconos-ce-fr","19":"pa_iconos-cidemco-fr","20":"pa_iconos-exterior-fr","21":"pa_iconos-ince-fr","22":"pa_iconos-mate-rugoso-fr","23":"pa_iconos-rendimiento-1-2-m2-l-fr","25":"first","26":"instock","27":"shipping-taxable","28":"product-type-simple"},"acf":[],"_links":{"self":[{"href":"https:\/\/jafep.com\/fr\/wp-json\/wp\/v2\/product\/2059","targetHints":{"allow":["GET"]}}],"collection":[{"href":"https:\/\/jafep.com\/fr\/wp-json\/wp\/v2\/product"}],"about":[{"href":"https:\/\/jafep.com\/fr\/wp-json\/wp\/v2\/types\/product"}],"replies":[{"embeddable":true,"href":"https:\/\/jafep.com\/fr\/wp-json\/wp\/v2\/comments?post=2059"}],"wp:featuredmedia":[{"embeddable":true,"href":"https:\/\/jafep.com\/fr\/wp-json\/wp\/v2\/media\/82204"}],"wp:attachment":[{"href":"https:\/\/jafep.com\/fr\/wp-json\/wp\/v2\/media?parent=2059"}],"wp:term":[{"taxonomy":"product_brand","embeddable":true,"href":"https:\/\/jafep.com\/fr\/wp-json\/wp\/v2\/product_brand?post=2059"},{"taxonomy":"product_cat","embeddable":true,"href":"https:\/\/jafep.com\/fr\/wp-json\/wp\/v2\/product_cat?post=2059"},{"taxonomy":"product_tag","embeddable":true,"href":"https:\/\/jafep.com\/fr\/wp-json\/wp\/v2\/product_tag?post=2059"}],"curies":[{"name":"wp","href":"https:\/\/api.w.org\/{rel}","templated":true}]}}