{"id":2058,"date":"2014-06-11T11:45:48","date_gmt":"2014-06-11T11:45:48","guid":{"rendered":"https:\/\/jafep.com\/?post_type=product&#038;p=2058"},"modified":"2023-04-24T09:37:09","modified_gmt":"2023-04-24T09:37:09","slug":"aural-hogar","status":"publish","type":"product","link":"https:\/\/jafep.com\/fr\/producto\/aural-hogar\/","title":{"rendered":"Aural Hogar"},"content":{"rendered":"<p>Peinture Acrylique 100% pour usage int\u00e9rieur et ext\u00e9rieur. Recommand\u00e9 pour finitions de haute qualit\u00e9 <\/p>\n","protected":false},"excerpt":{"rendered":"<p>Peinture Acrylique 100% pour usage int\u00e9rieur et ext\u00e9rieur. Recommand\u00e9 pour finitions de haute qualit\u00e9<\/p>\n","protected":false},"featured_media":82194,"comment_status":"closed","ping_status":"closed","template":"","meta":{"_acf_changed":false,"_links_to":"","_links_to_target":""},"product_brand":[],"product_cat":[1325,750],"product_tag":[],"class_list":{"0":"post-2058","1":"product","2":"type-product","3":"status-publish","4":"has-post-thumbnail","6":"product_cat-aural-hogar-fr","7":"product_cat-pinturas-plasticas-fr-2","8":"pa_formatos-15l-fr","9":"pa_formatos-4l-fr","10":"pa_herramientas-airless-fr","11":"pa_herramientas-brocha-fr","12":"pa_herramientas-pistola-fr","13":"pa_herramientas-rodillo-fr-2","14":"pa_herramientas-rodillo-iinterior-100-microfibra-de-11mm-fr","15":"pa_herramientas-rodillo-interior-poliamida-de-11mm-fr","16":"pa_iconos-1-base-agua-fr","17":"pa_iconos-38-rendimiento-de-10-15-m2l-fr","18":"pa_iconos-45-exterior-interior-fr","19":"pa_iconos-51-mate-60o-fr","20":"pa_iconos-60-lavabilidad-nivel-1-fr","21":"pa_iconos-conservateur-anti-moisissures-systeme-atmh","22":"pa_iconos-grafeno-fr","23":"pa_iconos-mate-fr","24":"pa_iconos-mate3-fr","26":"first","27":"instock","28":"shipping-taxable","29":"product-type-simple"},"acf":[],"_links":{"self":[{"href":"https:\/\/jafep.com\/fr\/wp-json\/wp\/v2\/product\/2058","targetHints":{"allow":["GET"]}}],"collection":[{"href":"https:\/\/jafep.com\/fr\/wp-json\/wp\/v2\/product"}],"about":[{"href":"https:\/\/jafep.com\/fr\/wp-json\/wp\/v2\/types\/product"}],"replies":[{"embeddable":true,"href":"https:\/\/jafep.com\/fr\/wp-json\/wp\/v2\/comments?post=2058"}],"wp:featuredmedia":[{"embeddable":true,"href":"https:\/\/jafep.com\/fr\/wp-json\/wp\/v2\/media\/82194"}],"wp:attachment":[{"href":"https:\/\/jafep.com\/fr\/wp-json\/wp\/v2\/media?parent=2058"}],"wp:term":[{"taxonomy":"product_brand","embeddable":true,"href":"https:\/\/jafep.com\/fr\/wp-json\/wp\/v2\/product_brand?post=2058"},{"taxonomy":"product_cat","embeddable":true,"href":"https:\/\/jafep.com\/fr\/wp-json\/wp\/v2\/product_cat?post=2058"},{"taxonomy":"product_tag","embeddable":true,"href":"https:\/\/jafep.com\/fr\/wp-json\/wp\/v2\/product_tag?post=2058"}],"curies":[{"name":"wp","href":"https:\/\/api.w.org\/{rel}","templated":true}]}}