{"id":2057,"date":"2014-06-11T11:38:57","date_gmt":"2014-06-11T11:38:57","guid":{"rendered":"https:\/\/jafep.com\/?post_type=product&#038;p=2057"},"modified":"2023-04-24T09:21:50","modified_gmt":"2023-04-24T09:21:50","slug":"aural-satin","status":"publish","type":"product","link":"https:\/\/jafep.com\/fr\/producto\/aural-satin\/","title":{"rendered":"Aural Satin"},"content":{"rendered":"<p>Peinture Acrylique 100% pour usage int\u00e9rieur et ext\u00e9rieur. Recommand\u00e9 pour finitions de haute qualit\u00e9. <\/p>\n","protected":false},"excerpt":{"rendered":"<p>Peinture Acrylique 100% pour usage int\u00e9rieur et ext\u00e9rieur. Recommand\u00e9 pour finitions de haute qualit\u00e9.<\/p>\n","protected":false},"featured_media":82189,"comment_status":"closed","ping_status":"closed","template":"","meta":{"_acf_changed":false,"_links_to":"","_links_to_target":""},"product_brand":[],"product_cat":[1325,828,1583,750],"product_tag":[],"class_list":{"0":"post-2057","1":"product","2":"type-product","3":"status-publish","4":"has-post-thumbnail","6":"product_cat-aural-hogar-fr","7":"product_cat-exteriores-fr","8":"product_cat-impermeabilisation","9":"product_cat-pinturas-plasticas-fr-2","10":"pa_formatos-15l-fr","11":"pa_formatos-4l-fr","12":"pa_herramientas-airless-fr","13":"pa_herramientas-brocha-fr","14":"pa_herramientas-pistola-fr","15":"pa_herramientas-rodillo-fr-2","16":"pa_herramientas-rodillo-fachadas-lana-oveja-20mm-fr","17":"pa_herramientas-rodillo-fachadas-poliamida-extra-larga-de-20mm-fr","18":"pa_herramientas-rodillo-fachadas-poliamida-larga-de-19mm-fr","19":"pa_iconos-1-base-agua-fr","20":"pa_iconos-45-exterior-interior-fr","21":"pa_iconos-60-lavabilidad-nivel-1-fr","22":"pa_iconos-conservateur-anti-moisissures-systeme-atmh","23":"pa_iconos-grafeno-fr","24":"pa_iconos-rendimiento-12-16-m2-l-fr","25":"pa_iconos-satinado-fr","27":"first","28":"instock","29":"shipping-taxable","30":"product-type-simple"},"acf":[],"_links":{"self":[{"href":"https:\/\/jafep.com\/fr\/wp-json\/wp\/v2\/product\/2057","targetHints":{"allow":["GET"]}}],"collection":[{"href":"https:\/\/jafep.com\/fr\/wp-json\/wp\/v2\/product"}],"about":[{"href":"https:\/\/jafep.com\/fr\/wp-json\/wp\/v2\/types\/product"}],"replies":[{"embeddable":true,"href":"https:\/\/jafep.com\/fr\/wp-json\/wp\/v2\/comments?post=2057"}],"wp:featuredmedia":[{"embeddable":true,"href":"https:\/\/jafep.com\/fr\/wp-json\/wp\/v2\/media\/82189"}],"wp:attachment":[{"href":"https:\/\/jafep.com\/fr\/wp-json\/wp\/v2\/media?parent=2057"}],"wp:term":[{"taxonomy":"product_brand","embeddable":true,"href":"https:\/\/jafep.com\/fr\/wp-json\/wp\/v2\/product_brand?post=2057"},{"taxonomy":"product_cat","embeddable":true,"href":"https:\/\/jafep.com\/fr\/wp-json\/wp\/v2\/product_cat?post=2057"},{"taxonomy":"product_tag","embeddable":true,"href":"https:\/\/jafep.com\/fr\/wp-json\/wp\/v2\/product_tag?post=2057"}],"curies":[{"name":"wp","href":"https:\/\/api.w.org\/{rel}","templated":true}]}}