{"id":2056,"date":"2014-06-11T11:10:58","date_gmt":"2014-06-11T11:10:58","guid":{"rendered":"https:\/\/jafep.com\/?post_type=product&#038;p=2056"},"modified":"2023-04-25T07:11:52","modified_gmt":"2023-04-25T07:11:52","slug":"aural-facades","status":"publish","type":"product","link":"https:\/\/jafep.com\/fr\/producto\/aural-facades\/","title":{"rendered":"Aural Fa\u00e7ades Graph\u00e8ne"},"content":{"rendered":"<p>Rev\u00eatement de haute qualit\u00e9. Fabriqu\u00e9 avec des r\u00e9sines en \u00e9mulsion acrylique et des fibres de graph\u00e8ne qui conf\u00e8rent \u00e0 la peinture des propri\u00e9t\u00e9s innovantes: produit semi-\u00e9lastique, haute r\u00e9sistance aux UV et bonne\u00a0duret\u00e9. Gr\u00e2ce au graph\u00e8ne, le produit a une plus grande durabilit\u00e9, puisque ces fibres agissent en renfor\u00e7ant le support structurel.\u00a0\u00a0Produit id\u00e9al pour les finitions ext\u00e9rieures qui pr\u00e9sente une blancheur, une couverture et des performances exceptionnelles. Pas de jaunissement, excellente r\u00e9sistance au chauffage et faible odeur.<\/p>\n<p>Imperm\u00e9abilise les fa\u00e7ades tout en conservant leur transpiration. Contient des additifs conservateurs dans sa formulation pour prot\u00e9ger le film.. <\/p>\n","protected":false},"excerpt":{"rendered":"<p>100% Rev\u00eatement Acrylique Pur <\/p>\n","protected":false},"featured_media":82179,"comment_status":"closed","ping_status":"closed","template":"","meta":{"_acf_changed":false,"_links_to":"","_links_to_target":""},"product_brand":[],"product_cat":[496,1325,828,1583,829,750,1379],"product_tag":[],"class_list":{"0":"post-2056","1":"product","2":"type-product","3":"status-publish","4":"has-post-thumbnail","6":"product_cat-aural-fr","7":"product_cat-aural-hogar-fr","8":"product_cat-exteriores-fr","9":"product_cat-impermeabilisation","10":"product_cat-fachadas-fr","11":"product_cat-pinturas-plasticas-fr-2","12":"product_cat-revetements","13":"pa_formatos-15l-fr","14":"pa_formatos-4l-fr","15":"pa_herramientas-airless-fr","16":"pa_herramientas-brocha-fr","17":"pa_herramientas-pistola-fr","18":"pa_herramientas-rodillo-fr-2","19":"pa_herramientas-rodillo-fachadas-lana-oveja-20mm-fr","20":"pa_herramientas-rodillo-fachadas-poliamida-extra-larga-de-20mm-fr","21":"pa_herramientas-rodillo-fachadas-poliamida-larga-de-19mm-fr","22":"pa_iconos-1-base-agua-fr","23":"pa_iconos-51-mate-60o-fr","24":"pa_iconos-60-lavabilidad-nivel-1-fr","25":"pa_iconos-anticarbonatacion-fr","26":"pa_iconos-ce-fr","27":"pa_iconos-cidemco-fr","28":"pa_iconos-conservateur-anti-moisissures-systeme-atmh","29":"pa_iconos-exterior-fr","30":"pa_iconos-grafeno-fr","31":"pa_iconos-b-s1d0-fr","32":"pa_iconos-rendimiento-9-12-m2-l-fr","34":"first","35":"instock","36":"shipping-taxable","37":"product-type-simple"},"acf":[],"_links":{"self":[{"href":"https:\/\/jafep.com\/fr\/wp-json\/wp\/v2\/product\/2056","targetHints":{"allow":["GET"]}}],"collection":[{"href":"https:\/\/jafep.com\/fr\/wp-json\/wp\/v2\/product"}],"about":[{"href":"https:\/\/jafep.com\/fr\/wp-json\/wp\/v2\/types\/product"}],"replies":[{"embeddable":true,"href":"https:\/\/jafep.com\/fr\/wp-json\/wp\/v2\/comments?post=2056"}],"wp:featuredmedia":[{"embeddable":true,"href":"https:\/\/jafep.com\/fr\/wp-json\/wp\/v2\/media\/82179"}],"wp:attachment":[{"href":"https:\/\/jafep.com\/fr\/wp-json\/wp\/v2\/media?parent=2056"}],"wp:term":[{"taxonomy":"product_brand","embeddable":true,"href":"https:\/\/jafep.com\/fr\/wp-json\/wp\/v2\/product_brand?post=2056"},{"taxonomy":"product_cat","embeddable":true,"href":"https:\/\/jafep.com\/fr\/wp-json\/wp\/v2\/product_cat?post=2056"},{"taxonomy":"product_tag","embeddable":true,"href":"https:\/\/jafep.com\/fr\/wp-json\/wp\/v2\/product_tag?post=2056"}],"curies":[{"name":"wp","href":"https:\/\/api.w.org\/{rel}","templated":true}]}}