{"id":2055,"date":"2016-02-23T09:18:46","date_gmt":"2016-02-23T09:18:46","guid":{"rendered":"https:\/\/jafep.com\/?post_type=product&#038;p=2055"},"modified":"2023-04-25T07:01:55","modified_gmt":"2023-04-25T07:01:55","slug":"aural-protection-revetement-acrylique","status":"publish","type":"product","link":"https:\/\/jafep.com\/fr\/producto\/aural-protection-revetement-acrylique\/","title":{"rendered":"Aural Protection Rev\u00eatement Acrylique"},"content":{"rendered":"<p>Imperm\u00e9abilise fa\u00e7ades, en maintenant sa respiration. Son exceptionnelle r\u00e9sistance \u00e0 la diffusion du Co2 permet de la classer comme peinture de protection anti- carbonatation. <\/p>\n","protected":false},"excerpt":{"rendered":"<p>Imperm\u00e9abilise fa\u00e7ades, en maintenant sa respiration. Son exceptionnelle r\u00e9sistance \u00e0 la diffusion du Co2 permet de la classer comme peinture de protection anti- carbonatation.<\/p>\n","protected":false},"featured_media":0,"comment_status":"closed","ping_status":"closed","template":"","meta":{"_acf_changed":false,"_links_to":"","_links_to_target":""},"product_brand":[],"product_cat":[496,828,511,750],"product_tag":[],"class_list":{"0":"post-2055","1":"product","2":"type-product","3":"status-publish","5":"product_cat-aural-fr","6":"product_cat-exteriores-fr","7":"product_cat-facades-fr-2","8":"product_cat-pinturas-plasticas-fr-2","9":"pa_formatos-15l-fr","10":"pa_herramientas-airless-fr","11":"pa_herramientas-brocha-fr","12":"pa_herramientas-brocha-esmalte-barniz-acrilico-microfibra-fr","13":"pa_herramientas-pistola-fr","14":"pa_herramientas-rodillo-fr-2","15":"pa_herramientas-rodillo-fr","16":"pa_herramientas-rodillo-fachadas-lana-oveja-20mm-fr","17":"pa_herramientas-rodillo-fachadas-poliamida-extra-larga-de-20mm-fr","18":"pa_herramientas-rodillo-fachadas-poliamida-larga-de-19mm-fr","19":"pa_iconos-1-base-agua-fr","20":"pa_iconos-51-mate-60o-fr","21":"pa_iconos-60-lavabilidad-nivel-1-fr","22":"pa_iconos-conservante-antimoho-sistema-atmh","23":"pa_iconos-exterior-2","24":"pa_iconos-rendimiento-9-13-m2-l-3","26":"first","27":"instock","28":"shipping-taxable","29":"product-type-simple"},"acf":[],"_links":{"self":[{"href":"https:\/\/jafep.com\/fr\/wp-json\/wp\/v2\/product\/2055","targetHints":{"allow":["GET"]}}],"collection":[{"href":"https:\/\/jafep.com\/fr\/wp-json\/wp\/v2\/product"}],"about":[{"href":"https:\/\/jafep.com\/fr\/wp-json\/wp\/v2\/types\/product"}],"replies":[{"embeddable":true,"href":"https:\/\/jafep.com\/fr\/wp-json\/wp\/v2\/comments?post=2055"}],"wp:attachment":[{"href":"https:\/\/jafep.com\/fr\/wp-json\/wp\/v2\/media?parent=2055"}],"wp:term":[{"taxonomy":"product_brand","embeddable":true,"href":"https:\/\/jafep.com\/fr\/wp-json\/wp\/v2\/product_brand?post=2055"},{"taxonomy":"product_cat","embeddable":true,"href":"https:\/\/jafep.com\/fr\/wp-json\/wp\/v2\/product_cat?post=2055"},{"taxonomy":"product_tag","embeddable":true,"href":"https:\/\/jafep.com\/fr\/wp-json\/wp\/v2\/product_tag?post=2055"}],"curies":[{"name":"wp","href":"https:\/\/api.w.org\/{rel}","templated":true}]}}