{"id":2052,"date":"2014-06-11T10:57:44","date_gmt":"2014-06-11T10:57:44","guid":{"rendered":"https:\/\/jafep.com\/?post_type=product&#038;p=2052"},"modified":"2024-01-08T10:56:47","modified_gmt":"2024-01-08T10:56:47","slug":"rugosil-pre-2","status":"publish","type":"product","link":"https:\/\/jafep.com\/fr\/producto\/rugosil-pre-2\/","title":{"rendered":"Rugosil PRE"},"content":{"rendered":"<p>Couche interm\u00e9diaire pour finitions textur\u00e9es avec ach\u00e8vements \u00e9lastom\u00e8riques. \u00c0 base de peinture \u00e9lastom\u00e8rique. <\/p>\n","protected":false},"excerpt":{"rendered":"<p>Couche interm\u00e9diaire pour finitions textur\u00e9es avec ach\u00e8vements \u00e9lastom\u00e8riques. \u00c0 base de peinture \u00e9lastom\u00e8rique.<\/p>\n","protected":false},"featured_media":82174,"comment_status":"closed","ping_status":"closed","template":"","meta":{"_acf_changed":false,"_links_to":"","_links_to_target":""},"product_brand":[],"product_cat":[828,1583,1584,829,1379,1382],"product_tag":[],"class_list":{"0":"post-2052","1":"product","2":"type-product","3":"status-publish","4":"has-post-thumbnail","6":"product_cat-exteriores-fr","7":"product_cat-impermeabilisation","8":"product_cat-isolation-thermique","9":"product_cat-fachadas-fr","10":"product_cat-revetements","11":"product_cat-revetements-speciaux-fr","12":"pa_formatos-15l-fr","13":"pa_formatos-4l-fr","14":"pa_herramientas-airless-fr","15":"pa_herramientas-brocha-fr","16":"pa_herramientas-pistola-fr","17":"pa_herramientas-rodillo-fr-2","18":"pa_herramientas-rodillo-fachadas-lana-oveja-20mm-fr","19":"pa_herramientas-rodillo-fachadas-poliamida-extra-larga-de-20mm-fr","20":"pa_herramientas-rodillo-fachadas-poliamida-larga-de-19mm-fr","21":"pa_iconos-1-base-agua-fr","22":"pa_iconos-exterior-fr","23":"pa_iconos-mate-texturado-fr","24":"pa_iconos-rendimiento-1-2-m2-l-fr","26":"first","27":"instock","28":"shipping-taxable","29":"product-type-simple"},"acf":[],"_links":{"self":[{"href":"https:\/\/jafep.com\/fr\/wp-json\/wp\/v2\/product\/2052","targetHints":{"allow":["GET"]}}],"collection":[{"href":"https:\/\/jafep.com\/fr\/wp-json\/wp\/v2\/product"}],"about":[{"href":"https:\/\/jafep.com\/fr\/wp-json\/wp\/v2\/types\/product"}],"replies":[{"embeddable":true,"href":"https:\/\/jafep.com\/fr\/wp-json\/wp\/v2\/comments?post=2052"}],"wp:featuredmedia":[{"embeddable":true,"href":"https:\/\/jafep.com\/fr\/wp-json\/wp\/v2\/media\/82174"}],"wp:attachment":[{"href":"https:\/\/jafep.com\/fr\/wp-json\/wp\/v2\/media?parent=2052"}],"wp:term":[{"taxonomy":"product_brand","embeddable":true,"href":"https:\/\/jafep.com\/fr\/wp-json\/wp\/v2\/product_brand?post=2052"},{"taxonomy":"product_cat","embeddable":true,"href":"https:\/\/jafep.com\/fr\/wp-json\/wp\/v2\/product_cat?post=2052"},{"taxonomy":"product_tag","embeddable":true,"href":"https:\/\/jafep.com\/fr\/wp-json\/wp\/v2\/product_tag?post=2052"}],"curies":[{"name":"wp","href":"https:\/\/api.w.org\/{rel}","templated":true}]}}