{"id":2050,"date":"2014-06-11T10:53:16","date_gmt":"2014-06-11T10:53:16","guid":{"rendered":"https:\/\/jafep.com\/?post_type=product&#038;p=2050"},"modified":"2023-04-25T09:52:41","modified_gmt":"2023-04-25T09:52:41","slug":"rugosil-2","status":"publish","type":"product","link":"https:\/\/jafep.com\/fr\/producto\/rugosil-2\/","title":{"rendered":"Rugosil"},"content":{"rendered":"<p>Rev\u00eatement pierreux textur\u00e9 \u00e0 base de charges siliceuses pour des finitions r\u00e9sistantes, \u00e9lastiques, imperm\u00e9ables. Bon pouvoir garnissant et excellent application (cr\u00e9pi, gouttelette). <\/p>\n","protected":false},"excerpt":{"rendered":"<p>Rev\u00eatement pierreux textur\u00e9 \u00e0 base de charges siliceuses pour des finitions r\u00e9sistantes, \u00e9lastiques, imperm\u00e9ables. Bon pouvoir garnissant et excellent application (cr\u00e9pi, gouttelette).<\/p>\n","protected":false},"featured_media":82169,"comment_status":"closed","ping_status":"closed","template":"","meta":{"_acf_changed":false,"_links_to":"","_links_to_target":""},"product_brand":[],"product_cat":[828,1583,1584,829,1379,1382],"product_tag":[],"class_list":{"0":"post-2050","1":"product","2":"type-product","3":"status-publish","4":"has-post-thumbnail","6":"product_cat-exteriores-fr","7":"product_cat-impermeabilisation","8":"product_cat-isolation-thermique","9":"product_cat-fachadas-fr","10":"product_cat-revetements","11":"product_cat-revetements-speciaux-fr","12":"pa_formatos-15l-fr","13":"pa_herramientas-brocha-fr","14":"pa_herramientas-pistola-fr","15":"pa_herramientas-rodillo-fr-2","16":"pa_herramientas-rodillo-fachadas-lana-oveja-20mm-fr","17":"pa_herramientas-rodillo-fachadas-poliamida-extra-larga-de-20mm-fr","18":"pa_herramientas-rodillo-fachadas-poliamida-larga-de-19mm-fr","19":"pa_iconos-1-base-agua-fr","20":"pa_iconos-conservateur-anti-moisissures-systeme-atmh","21":"pa_iconos-exterior-fr","22":"pa_iconos-mate-texturado-fr","23":"pa_iconos-rendimiento-1-2-m2-l-fr","25":"first","26":"instock","27":"shipping-taxable","28":"product-type-simple"},"acf":[],"_links":{"self":[{"href":"https:\/\/jafep.com\/fr\/wp-json\/wp\/v2\/product\/2050","targetHints":{"allow":["GET"]}}],"collection":[{"href":"https:\/\/jafep.com\/fr\/wp-json\/wp\/v2\/product"}],"about":[{"href":"https:\/\/jafep.com\/fr\/wp-json\/wp\/v2\/types\/product"}],"replies":[{"embeddable":true,"href":"https:\/\/jafep.com\/fr\/wp-json\/wp\/v2\/comments?post=2050"}],"wp:featuredmedia":[{"embeddable":true,"href":"https:\/\/jafep.com\/fr\/wp-json\/wp\/v2\/media\/82169"}],"wp:attachment":[{"href":"https:\/\/jafep.com\/fr\/wp-json\/wp\/v2\/media?parent=2050"}],"wp:term":[{"taxonomy":"product_brand","embeddable":true,"href":"https:\/\/jafep.com\/fr\/wp-json\/wp\/v2\/product_brand?post=2050"},{"taxonomy":"product_cat","embeddable":true,"href":"https:\/\/jafep.com\/fr\/wp-json\/wp\/v2\/product_cat?post=2050"},{"taxonomy":"product_tag","embeddable":true,"href":"https:\/\/jafep.com\/fr\/wp-json\/wp\/v2\/product_tag?post=2050"}],"curies":[{"name":"wp","href":"https:\/\/api.w.org\/{rel}","templated":true}]}}