{"id":2040,"date":"2014-06-11T09:48:43","date_gmt":"2014-06-11T09:48:43","guid":{"rendered":"https:\/\/jafep.com\/?post_type=product&#038;p=2040"},"modified":"2023-04-20T11:40:06","modified_gmt":"2023-04-20T11:40:06","slug":"essentiel-industrielle-classique","status":"publish","type":"product","link":"https:\/\/jafep.com\/fr\/producto\/essentiel-industrielle-classique\/","title":{"rendered":"Essentiel (Industrielle) classique"},"content":{"rendered":"<p>Peinture acrylique pour int\u00e9rieur, de grande blancheur et bon pouvoir couvrant. En ext\u00e9rieur, prot\u00e8ge le support en conditions normales. <\/p>\n","protected":false},"excerpt":{"rendered":"<p>Peinture acrylique pour int\u00e9rieur, de grande blancheur et bon pouvoir couvrant. En ext\u00e9rieur, prot\u00e8ge le support en conditions normales.<\/p>\n","protected":false},"featured_media":82149,"comment_status":"closed","ping_status":"closed","template":"","meta":{"_acf_changed":false,"_links_to":"","_links_to_target":""},"product_brand":[],"product_cat":[828,1547,1334,750],"product_tag":[],"class_list":{"0":"post-2040","1":"product","2":"type-product","3":"status-publish","4":"has-post-thumbnail","6":"product_cat-exteriores-fr","7":"product_cat-interieurs","8":"product_cat-mate-esencial-fr","9":"product_cat-pinturas-plasticas-fr-2","10":"pa_formatos-15l-fr","11":"pa_formatos-4l-fr","12":"pa_formatos-750ml-fr","13":"pa_formatos-8l-fr","14":"pa_herramientas-airless-fr","15":"pa_herramientas-brocha-fr","16":"pa_herramientas-pistola-fr","17":"pa_herramientas-rodillo-fr-2","18":"pa_herramientas-rodillo-iinterior-100-microfibra-de-11mm-fr","19":"pa_herramientas-rodillo-interior-poliamida-de-11mm-fr","20":"pa_iconos-1-base-agua-fr","21":"pa_iconos-45-exterior-interior-fr","22":"pa_iconos-51-mate-60o-fr","23":"pa_iconos-62-lavabilidad-nivel-3-fr","24":"pa_iconos-mate-fr","25":"pa_iconos-mate4-fr","26":"pa_iconos-rendimiento-7-9-m2l-fr","28":"first","29":"instock","30":"shipping-taxable","31":"product-type-simple"},"acf":[],"_links":{"self":[{"href":"https:\/\/jafep.com\/fr\/wp-json\/wp\/v2\/product\/2040","targetHints":{"allow":["GET"]}}],"collection":[{"href":"https:\/\/jafep.com\/fr\/wp-json\/wp\/v2\/product"}],"about":[{"href":"https:\/\/jafep.com\/fr\/wp-json\/wp\/v2\/types\/product"}],"replies":[{"embeddable":true,"href":"https:\/\/jafep.com\/fr\/wp-json\/wp\/v2\/comments?post=2040"}],"wp:featuredmedia":[{"embeddable":true,"href":"https:\/\/jafep.com\/fr\/wp-json\/wp\/v2\/media\/82149"}],"wp:attachment":[{"href":"https:\/\/jafep.com\/fr\/wp-json\/wp\/v2\/media?parent=2040"}],"wp:term":[{"taxonomy":"product_brand","embeddable":true,"href":"https:\/\/jafep.com\/fr\/wp-json\/wp\/v2\/product_brand?post=2040"},{"taxonomy":"product_cat","embeddable":true,"href":"https:\/\/jafep.com\/fr\/wp-json\/wp\/v2\/product_cat?post=2040"},{"taxonomy":"product_tag","embeddable":true,"href":"https:\/\/jafep.com\/fr\/wp-json\/wp\/v2\/product_tag?post=2040"}],"curies":[{"name":"wp","href":"https:\/\/api.w.org\/{rel}","templated":true}]}}