{"id":2025,"date":"2016-02-08T14:57:58","date_gmt":"2016-02-08T14:57:58","guid":{"rendered":"https:\/\/jafep.com\/?post_type=product&#038;p=2025"},"modified":"2023-09-18T11:44:34","modified_gmt":"2023-09-18T11:44:34","slug":"super-86-acrylique-easyclean","status":"publish","type":"product","link":"https:\/\/jafep.com\/fr\/producto\/super-86-acrylique-easyclean\/","title":{"rendered":"S\u00faper 86 Acrylique avec technologie Easy Clean"},"content":{"rendered":"<p>Peinture acrylique de haute qualit\u00e9, \u00e0 base de r\u00e9sines acryliques en \u00e9mulsion. Avec une blancheur, une couverture exceptionnelle, des \u00e9claboussures minimales lors de l&#8217;application et d&#8217;excellentes performances. Pour des finitions de qualit\u00e9 en int\u00e9rieur et de tr\u00e8s bons r\u00e9sultats en ext\u00e9rieur. Il incorpore dans sa formulation des additifs et des conservateurs sp\u00e9cifiques qui offrent une excellente protection contre les moisissures, aussi bien lorsqu&#8217;il est mouill\u00e9 qu&#8217;une fois la peinture appliqu\u00e9e.<\/p>\n<p>Sa caract\u00e9ristique la plus remarquable est son absorption minimale, qui s&#8217;associe \u00e0 sa tr\u00e8s bonne lavabilit\u00e9 avec un chiffon humide en quelques passages seulement. <\/p>\n","protected":false},"excerpt":{"rendered":"<p>Peinture Acrylique Mate <\/p>\n","protected":false},"featured_media":82729,"comment_status":"closed","ping_status":"closed","template":"","meta":{"_acf_changed":false,"_links_to":"","_links_to_target":""},"product_brand":[],"product_cat":[1344,750],"product_tag":[],"class_list":{"0":"post-2025","1":"product","2":"type-product","3":"status-publish","4":"has-post-thumbnail","6":"product_cat-mate-super-86-fr","7":"product_cat-pinturas-plasticas-fr-2","8":"pa_formatos-15l-fr","9":"pa_formatos-4l-fr","10":"pa_formatos-750-ml-fr","11":"pa_herramientas-airless-fr","12":"pa_herramientas-brocha-esmalte-barniz-acrilico-microfibra-fr","13":"pa_herramientas-pistola-fr","14":"pa_herramientas-rodillo-esmalte-barniz-sintetico-y-acrilico-100-espuma-densidad-60-fr","15":"pa_iconos-1-base-agua-fr","16":"pa_iconos-37-rendimiento-de-9-a-12-m2l-fr","17":"pa_iconos-45-exterior-interior-fr","18":"pa_iconos-50-extra-mate-85o-fr","19":"pa_iconos-61-lavabilidad-nivel-2-fr","20":"pa_iconos-conservateur-anti-moisissures-systeme-atmh","21":"pa_iconos-extra-mate-fr","22":"pa_iconos-mate4-5-fr","24":"first","25":"instock","26":"shipping-taxable","27":"product-type-simple"},"acf":[],"_links":{"self":[{"href":"https:\/\/jafep.com\/fr\/wp-json\/wp\/v2\/product\/2025","targetHints":{"allow":["GET"]}}],"collection":[{"href":"https:\/\/jafep.com\/fr\/wp-json\/wp\/v2\/product"}],"about":[{"href":"https:\/\/jafep.com\/fr\/wp-json\/wp\/v2\/types\/product"}],"replies":[{"embeddable":true,"href":"https:\/\/jafep.com\/fr\/wp-json\/wp\/v2\/comments?post=2025"}],"wp:featuredmedia":[{"embeddable":true,"href":"https:\/\/jafep.com\/fr\/wp-json\/wp\/v2\/media\/82729"}],"wp:attachment":[{"href":"https:\/\/jafep.com\/fr\/wp-json\/wp\/v2\/media?parent=2025"}],"wp:term":[{"taxonomy":"product_brand","embeddable":true,"href":"https:\/\/jafep.com\/fr\/wp-json\/wp\/v2\/product_brand?post=2025"},{"taxonomy":"product_cat","embeddable":true,"href":"https:\/\/jafep.com\/fr\/wp-json\/wp\/v2\/product_cat?post=2025"},{"taxonomy":"product_tag","embeddable":true,"href":"https:\/\/jafep.com\/fr\/wp-json\/wp\/v2\/product_tag?post=2025"}],"curies":[{"name":"wp","href":"https:\/\/api.w.org\/{rel}","templated":true}]}}