{"id":2022,"date":"2014-06-11T08:03:07","date_gmt":"2016-02-23T08:44:30","guid":{"rendered":"https:\/\/jafep.com\/?post_type=product&#038;p=2022"},"modified":"2023-09-18T11:21:04","modified_gmt":"2023-09-18T11:21:04","slug":"super-86-vinylique","status":"publish","type":"product","link":"https:\/\/jafep.com\/fr\/producto\/super-86-vinylique\/","title":{"rendered":"Super 86 Vinylique"},"content":{"rendered":"<p>Peinture acrylique mate de haute qualit\u00e9 \u00e0 base de r\u00e9sines et de pigments d&#8217;une grande r\u00e9sistance et solidit\u00e9 \u00e0 la lumi\u00e8re. Il permet d&#8217;obtenir des finitions tr\u00e8s blanches, couvrantes et lavables. Ext\u00e9rieur-Int\u00e9rieur <\/p>\n","protected":false},"excerpt":{"rendered":"<p>Peinture acrylique mate <\/p>\n","protected":false},"featured_media":82789,"comment_status":"closed","ping_status":"closed","template":"","meta":{"_acf_changed":false,"_links_to":"","_links_to_target":""},"product_brand":[],"product_cat":[750],"product_tag":[],"class_list":{"0":"post-2022","1":"product","2":"type-product","3":"status-publish","4":"has-post-thumbnail","6":"product_cat-pinturas-plasticas-fr-2","7":"pa_formatos-15l-fr","8":"pa_formatos-4l-fr","9":"pa_formatos-750ml-fr","10":"pa_formatos-8l-fr","11":"pa_herramientas-airless-fr","12":"pa_herramientas-brocha-fr","13":"pa_herramientas-pistola-fr","14":"pa_herramientas-rodillo-fr-2","15":"pa_herramientas-rodillo-fachadas-lana-oveja-20mm-fr","16":"pa_herramientas-rodillo-fachadas-poliamida-extra-larga-de-20mm-fr","17":"pa_herramientas-rodillo-fachadas-poliamida-larga-de-19mm-fr","18":"pa_herramientas-rodillo-iinterior-100-microfibra-de-11mm-fr","19":"pa_herramientas-rodillo-interior-poliamida-de-11mm-fr","20":"pa_iconos-1-base-agua-fr","21":"pa_iconos-45-exterior-interior-fr","22":"pa_iconos-50-extra-mate-85o-fr","23":"pa_iconos-61-lavabilidad-nivel-2-fr","24":"pa_iconos-rendimiento-8-12-m2l-fr","26":"first","27":"instock","28":"shipping-taxable","29":"product-type-simple"},"acf":[],"_links":{"self":[{"href":"https:\/\/jafep.com\/fr\/wp-json\/wp\/v2\/product\/2022","targetHints":{"allow":["GET"]}}],"collection":[{"href":"https:\/\/jafep.com\/fr\/wp-json\/wp\/v2\/product"}],"about":[{"href":"https:\/\/jafep.com\/fr\/wp-json\/wp\/v2\/types\/product"}],"replies":[{"embeddable":true,"href":"https:\/\/jafep.com\/fr\/wp-json\/wp\/v2\/comments?post=2022"}],"wp:featuredmedia":[{"embeddable":true,"href":"https:\/\/jafep.com\/fr\/wp-json\/wp\/v2\/media\/82789"}],"wp:attachment":[{"href":"https:\/\/jafep.com\/fr\/wp-json\/wp\/v2\/media?parent=2022"}],"wp:term":[{"taxonomy":"product_brand","embeddable":true,"href":"https:\/\/jafep.com\/fr\/wp-json\/wp\/v2\/product_brand?post=2022"},{"taxonomy":"product_cat","embeddable":true,"href":"https:\/\/jafep.com\/fr\/wp-json\/wp\/v2\/product_cat?post=2022"},{"taxonomy":"product_tag","embeddable":true,"href":"https:\/\/jafep.com\/fr\/wp-json\/wp\/v2\/product_tag?post=2022"}],"curies":[{"name":"wp","href":"https:\/\/api.w.org\/{rel}","templated":true}]}}