{"id":2016,"date":"2014-06-10T11:25:25","date_gmt":"2014-06-10T11:25:25","guid":{"rendered":"https:\/\/jafep.com\/?post_type=product&#038;p=2016"},"modified":"2023-04-20T07:22:47","modified_gmt":"2023-04-20T07:22:47","slug":"brillocril-haute-brillance","status":"publish","type":"product","link":"https:\/\/jafep.com\/fr\/producto\/brillocril-haute-brillance\/","title":{"rendered":"Brillocril Haute Brillance"},"content":{"rendered":"<p>Excellente durabilit\u00e9, imperm\u00e9able, tr\u00e8s bonne lavabilit\u00e9 et non jaunissante.<br \/>\nProtection efficient en ext\u00e9rieur. <\/p>\n","protected":false},"excerpt":{"rendered":"<p>Excellente durabilit\u00e9, imperm\u00e9able, tr\u00e8s bonne lavabilit\u00e9 et non jaunissante. Protection efficient en ext\u00e9rieur.<\/p>\n","protected":false},"featured_media":82134,"comment_status":"closed","ping_status":"closed","template":"","meta":{"_acf_changed":false,"_links_to":"","_links_to_target":""},"product_brand":[],"product_cat":[1549,1552,750,514],"product_tag":[],"class_list":{"0":"post-2016","1":"product","2":"type-product","3":"status-publish","4":"has-post-thumbnail","6":"product_cat-decorer-peindre","7":"product_cat-finition-brillante","8":"product_cat-pinturas-plasticas-fr-2","9":"product_cat-satinees","10":"pa_formatos-15l-fr","11":"pa_formatos-4l-fr","12":"pa_formatos-750ml-fr","13":"pa_herramientas-airless-fr","14":"pa_herramientas-brocha-fr","15":"pa_herramientas-pistola-fr","16":"pa_herramientas-rodillo-fr-2","17":"pa_herramientas-rodillo-iinterior-100-microfibra-de-11mm-fr","18":"pa_herramientas-rodillo-interior-poliamida-de-11mm-fr","19":"pa_iconos-1-base-agua-fr","20":"pa_iconos-45-exterior-interior-fr","21":"pa_iconos-60-lavabilidad-nivel-1-fr","22":"pa_iconos-rendimiento-7-10-m2l-fr","23":"pa_iconos-semibrillante-fr","25":"first","26":"instock","27":"shipping-taxable","28":"product-type-simple"},"acf":[],"_links":{"self":[{"href":"https:\/\/jafep.com\/fr\/wp-json\/wp\/v2\/product\/2016","targetHints":{"allow":["GET"]}}],"collection":[{"href":"https:\/\/jafep.com\/fr\/wp-json\/wp\/v2\/product"}],"about":[{"href":"https:\/\/jafep.com\/fr\/wp-json\/wp\/v2\/types\/product"}],"replies":[{"embeddable":true,"href":"https:\/\/jafep.com\/fr\/wp-json\/wp\/v2\/comments?post=2016"}],"wp:featuredmedia":[{"embeddable":true,"href":"https:\/\/jafep.com\/fr\/wp-json\/wp\/v2\/media\/82134"}],"wp:attachment":[{"href":"https:\/\/jafep.com\/fr\/wp-json\/wp\/v2\/media?parent=2016"}],"wp:term":[{"taxonomy":"product_brand","embeddable":true,"href":"https:\/\/jafep.com\/fr\/wp-json\/wp\/v2\/product_brand?post=2016"},{"taxonomy":"product_cat","embeddable":true,"href":"https:\/\/jafep.com\/fr\/wp-json\/wp\/v2\/product_cat?post=2016"},{"taxonomy":"product_tag","embeddable":true,"href":"https:\/\/jafep.com\/fr\/wp-json\/wp\/v2\/product_tag?post=2016"}],"curies":[{"name":"wp","href":"https:\/\/api.w.org\/{rel}","templated":true}]}}