{"id":2015,"date":"2014-06-10T10:07:10","date_gmt":"2016-02-23T08:36:20","guid":{"rendered":"https:\/\/jafep.com\/?post_type=product&#038;p=2015"},"modified":"2023-04-19T08:51:44","modified_gmt":"2023-04-19T08:51:44","slug":"vernis-metal-antirouille","status":"publish","type":"product","link":"https:\/\/jafep.com\/fr\/producto\/vernis-metal-antirouille\/","title":{"rendered":"Vernis M\u00e9tal Antirouille"},"content":{"rendered":"<p>Vernis acrylique, excellente adh\u00e9rence et pouvoir anticorrosif pour tout type de m\u00e9taux. <\/p>\n","protected":false},"excerpt":{"rendered":"<p>Vernis acrylique, excellente adh\u00e9rence et pouvoir anticorrosif pour tout type de m\u00e9taux.<\/p>\n","protected":false},"featured_media":82129,"comment_status":"closed","ping_status":"closed","template":"","meta":{"_acf_changed":false,"_links_to":"","_links_to_target":""},"product_brand":[],"product_cat":[1511,984,777,446,780,778],"product_tag":[],"class_list":{"0":"post-2015","1":"product","2":"type-product","3":"status-publish","4":"has-post-thumbnail","6":"product_cat-effet-rouille","7":"product_cat-esmaltes-imprimaciones-y-selladoras-fr","8":"product_cat-mobiliario-de-jardin-fr","9":"product_cat-peintures-laques-speciales","10":"product_cat-proteger-metal-fr","11":"product_cat-oxido-fr","12":"pa_formatos-1l-fr","13":"pa_herramientas-brocha-fr","14":"pa_herramientas-pistola-fr","15":"pa_iconos-2-base-solvente-fr","16":"pa_iconos-38-rendimiento-de-10-15-m2l-fr","17":"pa_iconos-45-exterior-interior-fr","18":"pa_iconos-brillant","20":"first","21":"instock","22":"shipping-taxable","23":"product-type-simple"},"acf":[],"_links":{"self":[{"href":"https:\/\/jafep.com\/fr\/wp-json\/wp\/v2\/product\/2015","targetHints":{"allow":["GET"]}}],"collection":[{"href":"https:\/\/jafep.com\/fr\/wp-json\/wp\/v2\/product"}],"about":[{"href":"https:\/\/jafep.com\/fr\/wp-json\/wp\/v2\/types\/product"}],"replies":[{"embeddable":true,"href":"https:\/\/jafep.com\/fr\/wp-json\/wp\/v2\/comments?post=2015"}],"wp:featuredmedia":[{"embeddable":true,"href":"https:\/\/jafep.com\/fr\/wp-json\/wp\/v2\/media\/82129"}],"wp:attachment":[{"href":"https:\/\/jafep.com\/fr\/wp-json\/wp\/v2\/media?parent=2015"}],"wp:term":[{"taxonomy":"product_brand","embeddable":true,"href":"https:\/\/jafep.com\/fr\/wp-json\/wp\/v2\/product_brand?post=2015"},{"taxonomy":"product_cat","embeddable":true,"href":"https:\/\/jafep.com\/fr\/wp-json\/wp\/v2\/product_cat?post=2015"},{"taxonomy":"product_tag","embeddable":true,"href":"https:\/\/jafep.com\/fr\/wp-json\/wp\/v2\/product_tag?post=2015"}],"curies":[{"name":"wp","href":"https:\/\/api.w.org\/{rel}","templated":true}]}}