{"id":2013,"date":"2014-06-10T09:58:33","date_gmt":"2014-06-10T09:58:33","guid":{"rendered":"https:\/\/jafep.com\/?post_type=product&#038;p=2013"},"modified":"2023-05-09T11:22:49","modified_gmt":"2023-05-09T11:22:49","slug":"peinture-laque-alkyde-antirouille-lisse-brillante","status":"publish","type":"product","link":"https:\/\/jafep.com\/fr\/producto\/peinture-laque-alkyde-antirouille-lisse-brillante\/","title":{"rendered":"Peinture Laque Alkyde OX Antirouille Lisse Brillant"},"content":{"rendered":"<p>Laque synth\u00e9tique formul\u00e9 avec des r\u00e9sines alkydes sp\u00e9ciales, des pigments et des additifs anticorrosifs de r\u00e9sistance et de stabilit\u00e9 \u00e9prouv\u00e9es. Son aspect cr\u00e9meux et sa structure hautement thixotrope offrent des niveaux de finition de qualit\u00e9 sup\u00e9rieure sur le fer sans avoir besoin d&#8217;un appr\u00eat. Il peut \u00e9galement \u00eatre utilis\u00e9 comme n&#8217;importe quel \u00e9mail synth\u00e9tique sur bois et autres mat\u00e9riaux de construction. <\/p>\n","protected":false},"excerpt":{"rendered":"<p>Laque Alkyde Antirouille <\/p>\n","protected":false},"featured_media":82124,"comment_status":"closed","ping_status":"closed","template":"","meta":{"_acf_changed":false,"_links_to":"","_links_to_target":""},"product_brand":[],"product_cat":[551,984,440,777,779,780,778,1397],"product_tag":[],"class_list":{"0":"post-2013","1":"product","2":"type-product","3":"status-publish","4":"has-post-thumbnail","6":"product_cat-bases-systeme-multicouleur","7":"product_cat-esmaltes-imprimaciones-y-selladoras-fr","8":"product_cat-finitions-antirouilles","9":"product_cat-mobiliario-de-jardin-fr","10":"product_cat-pintar-cambiar-el-color-fr","11":"product_cat-proteger-metal-fr","12":"product_cat-oxido-fr","13":"product_cat-sisteme-a-teinter","14":"pa_formatos-4l-fr","15":"pa_formatos-750ml-fr","16":"pa_herramientas-airless-fr","17":"pa_herramientas-brocha-fr","18":"pa_herramientas-pistola-fr","19":"pa_herramientas-rodillo-esmalte-barniz-sintetico-100-espuma-flocada-fr","20":"pa_herramientas-rodillo-esmalte-barniz-sintetico-100-lana-de-oveja-45mm-fr","21":"pa_herramientas-rodillo-esmalte-barniz-sintetico-flocado-fr","22":"pa_herramientas-rodillo-esmalte-barniz-sintetico-y-acrilico-100-espuma-densidad-60-fr","23":"pa_iconos-2-base-solvente-fr","24":"pa_iconos-30-rendimiento-12-14-m2-fr","25":"pa_iconos-45-exterior-interior-fr","26":"pa_iconos-brillante-satinado-fr","27":"pa_iconos-cartes-de-credit","29":"first","30":"instock","31":"shipping-taxable","32":"product-type-simple"},"acf":[],"_links":{"self":[{"href":"https:\/\/jafep.com\/fr\/wp-json\/wp\/v2\/product\/2013","targetHints":{"allow":["GET"]}}],"collection":[{"href":"https:\/\/jafep.com\/fr\/wp-json\/wp\/v2\/product"}],"about":[{"href":"https:\/\/jafep.com\/fr\/wp-json\/wp\/v2\/types\/product"}],"replies":[{"embeddable":true,"href":"https:\/\/jafep.com\/fr\/wp-json\/wp\/v2\/comments?post=2013"}],"wp:featuredmedia":[{"embeddable":true,"href":"https:\/\/jafep.com\/fr\/wp-json\/wp\/v2\/media\/82124"}],"wp:attachment":[{"href":"https:\/\/jafep.com\/fr\/wp-json\/wp\/v2\/media?parent=2013"}],"wp:term":[{"taxonomy":"product_brand","embeddable":true,"href":"https:\/\/jafep.com\/fr\/wp-json\/wp\/v2\/product_brand?post=2013"},{"taxonomy":"product_cat","embeddable":true,"href":"https:\/\/jafep.com\/fr\/wp-json\/wp\/v2\/product_cat?post=2013"},{"taxonomy":"product_tag","embeddable":true,"href":"https:\/\/jafep.com\/fr\/wp-json\/wp\/v2\/product_tag?post=2013"}],"curies":[{"name":"wp","href":"https:\/\/api.w.org\/{rel}","templated":true}]}}