{"id":2009,"date":"2014-06-10T09:28:30","date_gmt":"2016-02-23T08:29:55","guid":{"rendered":"https:\/\/jafep.com\/?post_type=product&#038;p=2009"},"modified":"2023-03-21T11:37:04","modified_gmt":"2023-03-21T11:37:04","slug":"peinture-laque-acrylique","status":"publish","type":"product","link":"https:\/\/jafep.com\/fr\/producto\/peinture-laque-acrylique\/","title":{"rendered":"Peinture Laque Acrylique BS directement sur Galvanis\u00e9 et autres M\u00e9taux"},"content":{"rendered":"<p>Peinture laque acrylique en phase solvant, pigment\u00e9 brillant, avec une tr\u00e8s bonne adh\u00e9rence sur tous les types de m\u00e9taux et excellente sur le fer galvanis\u00e9 \u00e0 une seule main. Il a une bonne r\u00e9sistance \u00e0 la lumi\u00e8re, aux intemp\u00e9ries et \u00e0 la corrosion. Duret\u00e9 \u00e9lev\u00e9e et bonne flexibilit\u00e9. <\/p>\n","protected":false},"excerpt":{"rendered":"<p>Peinture laque acrylique en phase solvant <\/p>\n","protected":false},"featured_media":82119,"comment_status":"closed","ping_status":"closed","template":"","meta":{"_acf_changed":false,"_links_to":"","_links_to_target":""},"product_brand":[],"product_cat":[984,1513,779,446],"product_tag":[],"class_list":{"0":"post-2009","1":"product","2":"type-product","3":"status-publish","4":"has-post-thumbnail","6":"product_cat-esmaltes-imprimaciones-y-selladoras-fr","7":"product_cat-galvanise","8":"product_cat-pintar-cambiar-el-color-fr","9":"product_cat-peintures-laques-speciales","10":"pa_formatos-4l-fr","11":"pa_formatos-750ml-fr","12":"pa_herramientas-airless-fr","13":"pa_herramientas-pistola-fr","14":"pa_iconos-2-base-solvente-fr","15":"pa_iconos-45-exterior-interior-fr","16":"pa_iconos-64-lavabilidad-nivel-maximo-fr","17":"pa_iconos-brillante-satinado-fr","18":"pa_iconos-rendimiento-8-12-m2l-fr","20":"first","21":"instock","22":"shipping-taxable","23":"product-type-simple"},"acf":[],"_links":{"self":[{"href":"https:\/\/jafep.com\/fr\/wp-json\/wp\/v2\/product\/2009","targetHints":{"allow":["GET"]}}],"collection":[{"href":"https:\/\/jafep.com\/fr\/wp-json\/wp\/v2\/product"}],"about":[{"href":"https:\/\/jafep.com\/fr\/wp-json\/wp\/v2\/types\/product"}],"replies":[{"embeddable":true,"href":"https:\/\/jafep.com\/fr\/wp-json\/wp\/v2\/comments?post=2009"}],"wp:featuredmedia":[{"embeddable":true,"href":"https:\/\/jafep.com\/fr\/wp-json\/wp\/v2\/media\/82119"}],"wp:attachment":[{"href":"https:\/\/jafep.com\/fr\/wp-json\/wp\/v2\/media?parent=2009"}],"wp:term":[{"taxonomy":"product_brand","embeddable":true,"href":"https:\/\/jafep.com\/fr\/wp-json\/wp\/v2\/product_brand?post=2009"},{"taxonomy":"product_cat","embeddable":true,"href":"https:\/\/jafep.com\/fr\/wp-json\/wp\/v2\/product_cat?post=2009"},{"taxonomy":"product_tag","embeddable":true,"href":"https:\/\/jafep.com\/fr\/wp-json\/wp\/v2\/product_tag?post=2009"}],"curies":[{"name":"wp","href":"https:\/\/api.w.org\/{rel}","templated":true}]}}