{"id":2008,"date":"2015-09-08T07:32:53","date_gmt":"2016-02-23T08:28:54","guid":{"rendered":"https:\/\/jafep.com\/?post_type=product&#038;p=2008"},"modified":"2023-04-19T10:53:58","modified_gmt":"2023-04-19T10:53:58","slug":"multi-usages-en-phase-aqueuse-2","status":"publish","type":"product","link":"https:\/\/jafep.com\/fr\/producto\/multi-usages-en-phase-aqueuse-2\/","title":{"rendered":"Multi usages en phase aqueuse"},"content":{"rendered":"<p>Sur bois, gypse, pl\u00e2tre, etc. Appliquer pr\u00e9alablement \u00e0 la couche des peintures laque ou des peintures de finition \u00e0 l\u2019eau. <\/p>\n","protected":false},"excerpt":{"rendered":"<p>Sur bois, gypse, pl\u00e2tre, etc. Appliquer pr\u00e9alablement \u00e0 la couche des peintures laque ou des peintures de finition \u00e0 l\u2019eau.<\/p>\n","protected":false},"featured_media":82329,"comment_status":"closed","ping_status":"closed","template":"","meta":{"_acf_changed":false,"_links_to":"","_links_to_target":""},"product_brand":[],"product_cat":[1585,1466,1505,1510,1548,984,453],"product_tag":[],"class_list":{"0":"post-2008","1":"product","2":"type-product","3":"status-publish","4":"has-post-thumbnail","6":"product_cat-avant-de-peindre-fr-4","7":"product_cat-avant-de-peindre","8":"product_cat-avant-de-peindre-fr","9":"product_cat-avant-de-peindre-fr-2","10":"product_cat-avant-de-peindre-fr-3","11":"product_cat-esmaltes-imprimaciones-y-selladoras-fr","12":"product_cat-fixateurs-de-fond","13":"pa_formatos-4l-fr","14":"pa_formatos-750ml-fr","15":"pa_herramientas-airless-fr","16":"pa_herramientas-brocha-fr","17":"pa_herramientas-pistola-fr","18":"pa_herramientas-rodillo-fr-2","19":"pa_iconos-1-base-agua-fr","20":"pa_iconos-33-rendimiento-8-10-m2l-fr","21":"pa_iconos-45-exterior-interior-fr","22":"pa_iconos-mate-fr","23":"pa_iconos-producto-al-agua-fr","25":"first","26":"instock","27":"shipping-taxable","28":"product-type-simple"},"acf":[],"_links":{"self":[{"href":"https:\/\/jafep.com\/fr\/wp-json\/wp\/v2\/product\/2008","targetHints":{"allow":["GET"]}}],"collection":[{"href":"https:\/\/jafep.com\/fr\/wp-json\/wp\/v2\/product"}],"about":[{"href":"https:\/\/jafep.com\/fr\/wp-json\/wp\/v2\/types\/product"}],"replies":[{"embeddable":true,"href":"https:\/\/jafep.com\/fr\/wp-json\/wp\/v2\/comments?post=2008"}],"wp:featuredmedia":[{"embeddable":true,"href":"https:\/\/jafep.com\/fr\/wp-json\/wp\/v2\/media\/82329"}],"wp:attachment":[{"href":"https:\/\/jafep.com\/fr\/wp-json\/wp\/v2\/media?parent=2008"}],"wp:term":[{"taxonomy":"product_brand","embeddable":true,"href":"https:\/\/jafep.com\/fr\/wp-json\/wp\/v2\/product_brand?post=2008"},{"taxonomy":"product_cat","embeddable":true,"href":"https:\/\/jafep.com\/fr\/wp-json\/wp\/v2\/product_cat?post=2008"},{"taxonomy":"product_tag","embeddable":true,"href":"https:\/\/jafep.com\/fr\/wp-json\/wp\/v2\/product_tag?post=2008"}],"curies":[{"name":"wp","href":"https:\/\/api.w.org\/{rel}","templated":true}]}}