{"id":2006,"date":"2015-09-03T08:06:50","date_gmt":"2016-02-23T08:26:43","guid":{"rendered":"https:\/\/jafep.com\/?post_type=product&#038;p=2006"},"modified":"2023-04-19T11:08:20","modified_gmt":"2023-04-19T11:08:20","slug":"multi-usages-en-phase-aqueuse","status":"publish","type":"product","link":"https:\/\/jafep.com\/fr\/producto\/multi-usages-en-phase-aqueuse\/","title":{"rendered":"Multi Usages en Phase Aqueuse"},"content":{"rendered":"<p>Protecteur et scellant antioxydant \u00e0 base d&#8217;eau pour supports m\u00e9talliques, plastiques, bois, PVC, pl\u00e2tre, etc.<\/p>\n<p>\u00c0 base de r\u00e9sines acryliques sp\u00e9ciales et de pigments anticorrosifs capables d&#8217;offrir une protection ad\u00e9quate avec une application facile, un s\u00e9chage rapide et pouvant \u00eatre repeint avec la plupart des peintures de finition. <\/p>\n","protected":false},"excerpt":{"rendered":"<p>Protecteur et scellant antioxydant \u00e0 base d&#8217;eau pour supports m\u00e9talliques, plastiques, bois, PVC, pl\u00e2tre, etc. \u00c0 base de r\u00e9sines acryliques sp\u00e9ciales et de pigments anticorrosifs capables d&#8217;offrir une protection ad\u00e9quate avec une application facile, un s\u00e9chage rapide et pouvant \u00eatre repeint avec la plupart des peintures de finition.<\/p>\n","protected":false},"featured_media":82314,"comment_status":"closed","ping_status":"closed","template":"","meta":{"_acf_changed":false,"_links_to":"","_links_to_target":""},"product_brand":[],"product_cat":[817,1548,1585,1505,1510,984,453,1463],"product_tag":[],"class_list":{"0":"post-2006","1":"product","2":"type-product","3":"status-publish","4":"has-post-thumbnail","6":"product_cat-imprimar-fr","7":"product_cat-avant-de-peindre-fr-3","8":"product_cat-avant-de-peindre-fr-4","9":"product_cat-avant-de-peindre-fr","10":"product_cat-avant-de-peindre-fr-2","11":"product_cat-esmaltes-imprimaciones-y-selladoras-fr","12":"product_cat-fixateurs-de-fond","13":"product_cat-sceller","14":"pa_formatos-4l-fr","15":"pa_formatos-750ml-fr","16":"pa_herramientas-airless-fr","17":"pa_herramientas-brocha-fr","18":"pa_herramientas-pistola-fr","19":"pa_herramientas-rodillo-fr-2","20":"pa_iconos-1-base-agua-fr","21":"pa_iconos-33-rendimiento-8-10-m2l-fr","22":"pa_iconos-45-exterior-interior-fr","23":"pa_iconos-mate-fr","24":"pa_iconos-producto-al-agua-fr","26":"first","27":"instock","28":"shipping-taxable","29":"product-type-simple"},"acf":[],"_links":{"self":[{"href":"https:\/\/jafep.com\/fr\/wp-json\/wp\/v2\/product\/2006","targetHints":{"allow":["GET"]}}],"collection":[{"href":"https:\/\/jafep.com\/fr\/wp-json\/wp\/v2\/product"}],"about":[{"href":"https:\/\/jafep.com\/fr\/wp-json\/wp\/v2\/types\/product"}],"replies":[{"embeddable":true,"href":"https:\/\/jafep.com\/fr\/wp-json\/wp\/v2\/comments?post=2006"}],"wp:featuredmedia":[{"embeddable":true,"href":"https:\/\/jafep.com\/fr\/wp-json\/wp\/v2\/media\/82314"}],"wp:attachment":[{"href":"https:\/\/jafep.com\/fr\/wp-json\/wp\/v2\/media?parent=2006"}],"wp:term":[{"taxonomy":"product_brand","embeddable":true,"href":"https:\/\/jafep.com\/fr\/wp-json\/wp\/v2\/product_brand?post=2006"},{"taxonomy":"product_cat","embeddable":true,"href":"https:\/\/jafep.com\/fr\/wp-json\/wp\/v2\/product_cat?post=2006"},{"taxonomy":"product_tag","embeddable":true,"href":"https:\/\/jafep.com\/fr\/wp-json\/wp\/v2\/product_tag?post=2006"}],"curies":[{"name":"wp","href":"https:\/\/api.w.org\/{rel}","templated":true}]}}