{"id":2003,"date":"2014-06-10T09:18:10","date_gmt":"2016-02-23T08:24:37","guid":{"rendered":"https:\/\/jafep.com\/?post_type=product&#038;p=2003"},"modified":"2023-04-19T10:43:29","modified_gmt":"2023-04-19T10:43:29","slug":"fixateur-alkyde-jafep","status":"publish","type":"product","link":"https:\/\/jafep.com\/fr\/producto\/fixateur-alkyde-jafep\/","title":{"rendered":"Scellant Alkyde Jafep"},"content":{"rendered":"<p>Fixateur de fond pour pr\u00e9paration de surfaces ayant besoin de grand enduisage, impression et pouvoir couvrant, permettant un bon pon\u00e7age. Indiqu\u00e9 dans le cas de surfaces poreuses telles que bois, pl\u00e2tre, ciment, etc. <\/p>\n","protected":false},"excerpt":{"rendered":"<p>Fixateur de fond pour pr\u00e9paration de surfaces ayant besoin de grand enduisage, impression et pouvoir couvrant, permettant un bon pon\u00e7age. Indiqu\u00e9 dans le cas de surfaces poreuses telles que bois, pl\u00e2tre, ciment, etc.<\/p>\n","protected":false},"featured_media":82114,"comment_status":"closed","ping_status":"closed","template":"","meta":{"_acf_changed":false,"_links_to":"","_links_to_target":""},"product_brand":[],"product_cat":[1548,1585,1505,984,453,1463],"product_tag":[],"class_list":{"0":"post-2003","1":"product","2":"type-product","3":"status-publish","4":"has-post-thumbnail","6":"product_cat-avant-de-peindre-fr-3","7":"product_cat-avant-de-peindre-fr-4","8":"product_cat-avant-de-peindre-fr","9":"product_cat-esmaltes-imprimaciones-y-selladoras-fr","10":"product_cat-fixateurs-de-fond","11":"product_cat-sceller","12":"pa_formatos-15l-fr","13":"pa_formatos-4l-fr","14":"pa_formatos-750ml-fr","15":"pa_herramientas-airless-fr","16":"pa_herramientas-brocha-fr","17":"pa_herramientas-pistola-fr","18":"pa_herramientas-rodillo-esmalte-barniz-sintetico-100-espuma-flocada-fr","19":"pa_herramientas-rodillo-esmalte-barniz-sintetico-100-lana-de-oveja-45mm-fr","20":"pa_herramientas-rodillo-esmalte-barniz-sintetico-flocado-fr","21":"pa_herramientas-rodillo-esmalte-barniz-sintetico-y-acrilico-100-espuma-densidad-60-fr","22":"pa_herramientas-rodillo-esmalte-barniz-acrilico-microfibra-8-mm-fr","23":"pa_iconos-2-base-solvente-fr","24":"pa_iconos-45-exterior-interior-fr","25":"pa_iconos-rendimiento-7-10-m2l-fr","26":"pa_iconos-satinado-fr","28":"first","29":"instock","30":"shipping-taxable","31":"product-type-simple"},"acf":[],"_links":{"self":[{"href":"https:\/\/jafep.com\/fr\/wp-json\/wp\/v2\/product\/2003","targetHints":{"allow":["GET"]}}],"collection":[{"href":"https:\/\/jafep.com\/fr\/wp-json\/wp\/v2\/product"}],"about":[{"href":"https:\/\/jafep.com\/fr\/wp-json\/wp\/v2\/types\/product"}],"replies":[{"embeddable":true,"href":"https:\/\/jafep.com\/fr\/wp-json\/wp\/v2\/comments?post=2003"}],"wp:featuredmedia":[{"embeddable":true,"href":"https:\/\/jafep.com\/fr\/wp-json\/wp\/v2\/media\/82114"}],"wp:attachment":[{"href":"https:\/\/jafep.com\/fr\/wp-json\/wp\/v2\/media?parent=2003"}],"wp:term":[{"taxonomy":"product_brand","embeddable":true,"href":"https:\/\/jafep.com\/fr\/wp-json\/wp\/v2\/product_brand?post=2003"},{"taxonomy":"product_cat","embeddable":true,"href":"https:\/\/jafep.com\/fr\/wp-json\/wp\/v2\/product_cat?post=2003"},{"taxonomy":"product_tag","embeddable":true,"href":"https:\/\/jafep.com\/fr\/wp-json\/wp\/v2\/product_tag?post=2003"}],"curies":[{"name":"wp","href":"https:\/\/api.w.org\/{rel}","templated":true}]}}