{"id":2000,"date":"2014-06-10T08:54:54","date_gmt":"2016-02-23T08:17:04","guid":{"rendered":"https:\/\/jafep.com\/?post_type=product&#038;p=2000"},"modified":"2023-04-19T10:16:59","modified_gmt":"2023-04-19T10:16:59","slug":"appret-antirouille-n","status":"publish","type":"product","link":"https:\/\/jafep.com\/fr\/producto\/appret-antirouille-n\/","title":{"rendered":"Appr\u00eat Antirouille &#8220;N&#8221;"},"content":{"rendered":"<p>Protecteur antirouille pour le fer et l&#8217;acier, \u00e0 base de r\u00e9sines alkydes et de pigments anticorrosifs (phosphate de zinc) capable d&#8217;offrir une protection ad\u00e9quate \u00e0 la plupart des surfaces en fer et en acier dans la construction, les machines, la carrosserie industrielle, etc. Il est recouvrable avec un grand nombre de syst\u00e8mes, y compris nitro et deux composants. Son aspect satin\u00e9 lui permet d&#8217;\u00eatre utilis\u00e9 comme finition int\u00e9rieure. <\/p>\n","protected":false},"excerpt":{"rendered":"<p>Appr\u00eat antirouille \u00e0 base de r\u00e9sines alkydes <\/p>\n","protected":false},"featured_media":82109,"comment_status":"closed","ping_status":"closed","template":"","meta":{"_acf_changed":false,"_links_to":"","_links_to_target":""},"product_brand":[],"product_cat":[817,984,450,780],"product_tag":[],"class_list":{"0":"post-2000","1":"product","2":"type-product","3":"status-publish","4":"has-post-thumbnail","6":"product_cat-imprimar-fr","7":"product_cat-esmaltes-imprimaciones-y-selladoras-fr","8":"product_cat-peintures-dimpression","9":"product_cat-proteger-metal-fr","10":"pa_formatos-15l-fr","11":"pa_formatos-4l-fr","12":"pa_herramientas-airless-fr","13":"pa_herramientas-brocha-fr","14":"pa_herramientas-pistola-fr","15":"pa_herramientas-rodillo-fr-2","16":"pa_herramientas-rodillo-esmalte-barniz-sintetico-100-espuma-flocada-fr","17":"pa_herramientas-rodillo-esmalte-barniz-sintetico-100-lana-de-oveja-45mm-fr","18":"pa_herramientas-rodillo-esmalte-barniz-sintetico-flocado-fr","19":"pa_herramientas-rodillo-esmalte-barniz-sintetico-y-acrilico-100-espuma-densidad-60-fr","20":"pa_herramientas-rodillo-esmalte-barniz-acrilico-microfibra-8-mm-fr","21":"pa_iconos-2-base-solvente-fr","22":"pa_iconos-34-rendimiento-de-10-12-m2l-fr","23":"pa_iconos-45-exterior-interior-fr","24":"pa_iconos-64-lavabilidad-nivel-maximo-fr","25":"pa_iconos-satinado-fr","27":"first","28":"instock","29":"shipping-taxable","30":"product-type-simple"},"acf":[],"_links":{"self":[{"href":"https:\/\/jafep.com\/fr\/wp-json\/wp\/v2\/product\/2000","targetHints":{"allow":["GET"]}}],"collection":[{"href":"https:\/\/jafep.com\/fr\/wp-json\/wp\/v2\/product"}],"about":[{"href":"https:\/\/jafep.com\/fr\/wp-json\/wp\/v2\/types\/product"}],"replies":[{"embeddable":true,"href":"https:\/\/jafep.com\/fr\/wp-json\/wp\/v2\/comments?post=2000"}],"wp:featuredmedia":[{"embeddable":true,"href":"https:\/\/jafep.com\/fr\/wp-json\/wp\/v2\/media\/82109"}],"wp:attachment":[{"href":"https:\/\/jafep.com\/fr\/wp-json\/wp\/v2\/media?parent=2000"}],"wp:term":[{"taxonomy":"product_brand","embeddable":true,"href":"https:\/\/jafep.com\/fr\/wp-json\/wp\/v2\/product_brand?post=2000"},{"taxonomy":"product_cat","embeddable":true,"href":"https:\/\/jafep.com\/fr\/wp-json\/wp\/v2\/product_cat?post=2000"},{"taxonomy":"product_tag","embeddable":true,"href":"https:\/\/jafep.com\/fr\/wp-json\/wp\/v2\/product_tag?post=2000"}],"curies":[{"name":"wp","href":"https:\/\/api.w.org\/{rel}","templated":true}]}}