{"id":1998,"date":"2014-06-10T08:45:23","date_gmt":"2016-02-23T08:15:10","guid":{"rendered":"https:\/\/jafep.com\/?post_type=product&#038;p=1998"},"modified":"2023-04-19T10:10:51","modified_gmt":"2023-04-19T10:10:51","slug":"appret-antirouille","status":"publish","type":"product","link":"https:\/\/jafep.com\/fr\/producto\/appret-antirouille\/","title":{"rendered":"Appr\u00eat Antirouille"},"content":{"rendered":"<p>Peinture d\u2019impression pour peintre et prot\u00e9ger contre la corrosion, \u00e0 tous m\u00e9taux ferreux et acier. Usage int\u00e9rieur &#8211; ext\u00e9rieur. Diff\u00e9rentes teintes possibles qui avantagent la finition. <\/p>\n","protected":false},"excerpt":{"rendered":"<p>Peinture d\u2019impression pour peintre et prot\u00e9ger contre la corrosion, \u00e0 tous m\u00e9taux ferreux et acier. Usage int\u00e9rieur &#8211; ext\u00e9rieur. Diff\u00e9rentes teintes possibles qui avantagent la finition.<\/p>\n","protected":false},"featured_media":82109,"comment_status":"closed","ping_status":"closed","template":"","meta":{"_acf_changed":false,"_links_to":"","_links_to_target":""},"product_brand":[],"product_cat":[984,450,780],"product_tag":[],"class_list":{"0":"post-1998","1":"product","2":"type-product","3":"status-publish","4":"has-post-thumbnail","6":"product_cat-esmaltes-imprimaciones-y-selladoras-fr","7":"product_cat-peintures-dimpression","8":"product_cat-proteger-metal-fr","9":"pa_formatos-15l-fr","10":"pa_formatos-4l-fr","11":"pa_formatos-750ml-fr","12":"pa_herramientas-airless-fr","13":"pa_herramientas-brocha-fr","14":"pa_herramientas-pistola-fr","15":"pa_herramientas-rodillo-fr-2","16":"pa_herramientas-rodillo-esmalte-barniz-sintetico-100-espuma-flocada-fr","17":"pa_herramientas-rodillo-esmalte-barniz-sintetico-100-lana-de-oveja-45mm-fr","18":"pa_herramientas-rodillo-esmalte-barniz-sintetico-flocado-fr","19":"pa_herramientas-rodillo-esmalte-barniz-sintetico-y-acrilico-100-espuma-densidad-60-fr","20":"pa_herramientas-rodillo-esmalte-barniz-acrilico-microfibra-8-mm-fr","21":"pa_iconos-2-base-solvente-fr","22":"pa_iconos-45-exterior-interior-fr","23":"pa_iconos-64-lavabilidad-nivel-maximo-fr","24":"pa_iconos-rendimiento-10-14-m2-l-fr","25":"pa_iconos-satinado-fr","27":"first","28":"instock","29":"shipping-taxable","30":"product-type-simple"},"acf":[],"_links":{"self":[{"href":"https:\/\/jafep.com\/fr\/wp-json\/wp\/v2\/product\/1998","targetHints":{"allow":["GET"]}}],"collection":[{"href":"https:\/\/jafep.com\/fr\/wp-json\/wp\/v2\/product"}],"about":[{"href":"https:\/\/jafep.com\/fr\/wp-json\/wp\/v2\/types\/product"}],"replies":[{"embeddable":true,"href":"https:\/\/jafep.com\/fr\/wp-json\/wp\/v2\/comments?post=1998"}],"wp:featuredmedia":[{"embeddable":true,"href":"https:\/\/jafep.com\/fr\/wp-json\/wp\/v2\/media\/82109"}],"wp:attachment":[{"href":"https:\/\/jafep.com\/fr\/wp-json\/wp\/v2\/media?parent=1998"}],"wp:term":[{"taxonomy":"product_brand","embeddable":true,"href":"https:\/\/jafep.com\/fr\/wp-json\/wp\/v2\/product_brand?post=1998"},{"taxonomy":"product_cat","embeddable":true,"href":"https:\/\/jafep.com\/fr\/wp-json\/wp\/v2\/product_cat?post=1998"},{"taxonomy":"product_tag","embeddable":true,"href":"https:\/\/jafep.com\/fr\/wp-json\/wp\/v2\/product_tag?post=1998"}],"curies":[{"name":"wp","href":"https:\/\/api.w.org\/{rel}","templated":true}]}}