{"id":1997,"date":"2016-02-08T07:23:02","date_gmt":"2016-02-08T07:23:02","guid":{"rendered":"https:\/\/jafep.com\/?post_type=product&#038;p=1997"},"modified":"2023-03-20T12:37:53","modified_gmt":"2023-03-20T12:37:53","slug":"peinture-laque-acrylique-en-phase-aqueuse","status":"publish","type":"product","link":"https:\/\/jafep.com\/fr\/producto\/peinture-laque-acrylique-en-phase-aqueuse\/","title":{"rendered":"Peinture Laque Acrylique en Phase Aqueuse avec Polyur\u00e9thane Acrimar"},"content":{"rendered":"<p>Peinture laque acrylique en phase aqueuse, d\u2019application facile et de tr\u00e8s bon nivellement. Lavable, inodore et ininflammable. Ne jaunit pas. Il offre une duret\u00e9 et une r\u00e9sistance au frottement extraordinaires. <\/p>\n","protected":false},"excerpt":{"rendered":"<p>Peinture laque acrylique en phase aqueuse <\/p>\n","protected":false},"featured_media":82714,"comment_status":"closed","ping_status":"closed","template":"","meta":{"_acf_changed":false,"_links_to":"","_links_to_target":""},"product_brand":[],"product_cat":[984,445],"product_tag":[],"class_list":{"0":"post-1997","1":"product","2":"type-product","3":"status-publish","4":"has-post-thumbnail","6":"product_cat-esmaltes-imprimaciones-y-selladoras-fr","7":"product_cat-peintures-decoration","8":"pa_formatos-375ml-fr","9":"pa_formatos-4l-fr","10":"pa_formatos-750ml-fr","11":"pa_herramientas-airless-fr","12":"pa_herramientas-brocha-esmalte-barniz-acrilico-microfibra-fr","13":"pa_herramientas-pistola-fr","14":"pa_herramientas-rodillo-esmalte-barniz-sintetico-100-espuma-flocada-fr","15":"pa_herramientas-rodillo-esmalte-barniz-sintetico-100-lana-de-oveja-45mm-fr","16":"pa_herramientas-rodillo-esmalte-barniz-sintetico-100-poliester-tejido-13mm-fr","17":"pa_herramientas-rodillo-esmalte-barniz-sintetico-flocado-fr","18":"pa_herramientas-rodillo-esmalte-barniz-sintetico-y-acrilico-100-espuma-densidad-60-fr","19":"pa_herramientas-rodillo-esmalte-barniz-acrilico-microfibra-8-mm-fr","20":"pa_iconos-base-fr","21":"pa_iconos-1-base-agua-fr","22":"pa_iconos-30-rendimiento-12-14-m2-fr","23":"pa_iconos-41-brocha-rodillo-pistola-fr","24":"pa_iconos-45-exterior-interior-fr","25":"pa_iconos-basep-fr","26":"pa_iconos-a-mas-fr","27":"pa_iconos-adapte-a-une-utilisation-dans-les-jouets","28":"pa_iconos-brillante-satinado-mate-fr","29":"pa_iconos-cartes-de-credit","30":"pa_iconos-b-s1d0-fr","32":"first","33":"instock","34":"shipping-taxable","35":"product-type-simple"},"acf":[],"_links":{"self":[{"href":"https:\/\/jafep.com\/fr\/wp-json\/wp\/v2\/product\/1997","targetHints":{"allow":["GET"]}}],"collection":[{"href":"https:\/\/jafep.com\/fr\/wp-json\/wp\/v2\/product"}],"about":[{"href":"https:\/\/jafep.com\/fr\/wp-json\/wp\/v2\/types\/product"}],"replies":[{"embeddable":true,"href":"https:\/\/jafep.com\/fr\/wp-json\/wp\/v2\/comments?post=1997"}],"wp:featuredmedia":[{"embeddable":true,"href":"https:\/\/jafep.com\/fr\/wp-json\/wp\/v2\/media\/82714"}],"wp:attachment":[{"href":"https:\/\/jafep.com\/fr\/wp-json\/wp\/v2\/media?parent=1997"}],"wp:term":[{"taxonomy":"product_brand","embeddable":true,"href":"https:\/\/jafep.com\/fr\/wp-json\/wp\/v2\/product_brand?post=1997"},{"taxonomy":"product_cat","embeddable":true,"href":"https:\/\/jafep.com\/fr\/wp-json\/wp\/v2\/product_cat?post=1997"},{"taxonomy":"product_tag","embeddable":true,"href":"https:\/\/jafep.com\/fr\/wp-json\/wp\/v2\/product_tag?post=1997"}],"curies":[{"name":"wp","href":"https:\/\/api.w.org\/{rel}","templated":true}]}}