{"id":1984,"date":"2016-02-23T07:36:58","date_gmt":"2016-02-23T07:36:58","guid":{"rendered":"https:\/\/jafep.com\/?post_type=product&#038;p=1984"},"modified":"2019-10-14T08:36:35","modified_gmt":"2019-10-14T08:36:35","slug":"peinture-laque-synthetique-jafep-2","status":"publish","type":"product","link":"https:\/\/jafep.com\/fr\/producto\/peinture-laque-synthetique-jafep-2\/","title":{"rendered":"PEINTURE LAQUE SYNTH\u00c9TIQUE Jafep"},"content":{"rendered":"<p>C&#8217;est une peinture laque synth\u00e9tique d&#8217;haute \u00e9clat et grand pouvoir couvrant, formul\u00e9<br \/>\navec des r\u00e9sines alcides sp\u00e9ciales et pigments de r\u00e9sistance et stabilit\u00e9 av\u00e9r\u00e9s \u00e0 la<br \/>\nlumi\u00e8re, offrant une finition de qualit\u00e9 maximale. <\/p>\n","protected":false},"excerpt":{"rendered":"<p>C&#8217;est une peinture laque synth\u00e9tique d&#8217;haute \u00e9clat et grand pouvoir couvrant, formul\u00e9 avec des r\u00e9sines alcides sp\u00e9ciales et pigments de r\u00e9sistance et stabilit\u00e9 av\u00e9r\u00e9s \u00e0 la lumi\u00e8re, offrant une finition de qualit\u00e9 maximale.<\/p>\n","protected":false},"featured_media":0,"comment_status":"closed","ping_status":"closed","template":"","meta":{"_acf_changed":false,"_links_to":"","_links_to_target":""},"product_brand":[],"product_cat":[984],"product_tag":[],"class_list":{"0":"post-1984","1":"product","2":"type-product","3":"status-publish","5":"product_cat-esmaltes-imprimaciones-y-selladoras-fr","6":"pa_iconos-2-base-solvente-fr","7":"pa_iconos-64-lavabilidad-nivel-maximo-fr","9":"first","10":"instock","11":"shipping-taxable","12":"product-type-simple"},"acf":[],"_links":{"self":[{"href":"https:\/\/jafep.com\/fr\/wp-json\/wp\/v2\/product\/1984","targetHints":{"allow":["GET"]}}],"collection":[{"href":"https:\/\/jafep.com\/fr\/wp-json\/wp\/v2\/product"}],"about":[{"href":"https:\/\/jafep.com\/fr\/wp-json\/wp\/v2\/types\/product"}],"replies":[{"embeddable":true,"href":"https:\/\/jafep.com\/fr\/wp-json\/wp\/v2\/comments?post=1984"}],"wp:attachment":[{"href":"https:\/\/jafep.com\/fr\/wp-json\/wp\/v2\/media?parent=1984"}],"wp:term":[{"taxonomy":"product_brand","embeddable":true,"href":"https:\/\/jafep.com\/fr\/wp-json\/wp\/v2\/product_brand?post=1984"},{"taxonomy":"product_cat","embeddable":true,"href":"https:\/\/jafep.com\/fr\/wp-json\/wp\/v2\/product_cat?post=1984"},{"taxonomy":"product_tag","embeddable":true,"href":"https:\/\/jafep.com\/fr\/wp-json\/wp\/v2\/product_tag?post=1984"}],"curies":[{"name":"wp","href":"https:\/\/api.w.org\/{rel}","templated":true}]}}