{"id":1978,"date":"2016-02-23T07:29:59","date_gmt":"2016-02-23T07:29:59","guid":{"rendered":"https:\/\/jafep.com\/?post_type=product&#038;p=1978"},"modified":"2016-02-23T07:29:59","modified_gmt":"2016-02-23T07:29:59","slug":"esmalte-sintetico-satinado-peinture-laque-satinee","status":"publish","type":"product","link":"https:\/\/jafep.com\/fr\/producto\/esmalte-sintetico-satinado-peinture-laque-satinee\/","title":{"rendered":"ESMALTE SINT\u00c9TICO SATINADO (PEINTURE LAQUE SATIN\u00c9E)"},"content":{"rendered":"<p>C&#8217;est une peinture laque alkyde satin\u00e9e et avec bon pouvoir couvrante, formul\u00e9 avec<br \/>\nr\u00e9sines alkydes sp\u00e9ciales et teintes de reconnue r\u00e9sistance et stabilit\u00e9 \u00e0 la lumi\u00e8re, qui<br \/>\nproportionne des finitions de qualit\u00e9 optimale. <\/p>\n","protected":false},"excerpt":{"rendered":"<p>C&#8217;est une peinture laque alkyde satin\u00e9e et avec bon pouvoir couvrante, formul\u00e9 avec r\u00e9sines alkydes sp\u00e9ciales et teintes de reconnue r\u00e9sistance et stabilit\u00e9 \u00e0 la lumi\u00e8re, qui proportionne des finitions de qualit\u00e9 optimale.<\/p>\n","protected":false},"featured_media":0,"comment_status":"closed","ping_status":"closed","template":"","meta":{"_acf_changed":false,"_links_to":"","_links_to_target":""},"product_brand":[],"product_cat":[445],"product_tag":[],"class_list":{"0":"post-1978","1":"product","2":"type-product","3":"status-publish","5":"product_cat-peintures-decoration","6":"pa_herramientas-rodillo-esmalte-barniz-sintetico-100-espuma-flocada-fr","7":"pa_herramientas-rodillo-esmalte-barniz-sintetico-100-lana-de-oveja-45mm-fr","8":"pa_herramientas-rodillo-esmalte-barniz-sintetico-flocado-fr","9":"pa_herramientas-rodillo-esmalte-barniz-sintetico-y-acrilico-100-espuma-densidad-60-fr","10":"pa_iconos-2-base-solvente-fr","11":"pa_iconos-30-rendimiento-12-14-m2-fr","12":"pa_iconos-41-brocha-rodillo-pistola-fr","13":"pa_iconos-45-exterior-interior-fr","14":"pa_iconos-64-lavabilidad-nivel-maximo-fr","16":"first","17":"instock","18":"shipping-taxable","19":"product-type-simple"},"acf":[],"_links":{"self":[{"href":"https:\/\/jafep.com\/fr\/wp-json\/wp\/v2\/product\/1978","targetHints":{"allow":["GET"]}}],"collection":[{"href":"https:\/\/jafep.com\/fr\/wp-json\/wp\/v2\/product"}],"about":[{"href":"https:\/\/jafep.com\/fr\/wp-json\/wp\/v2\/types\/product"}],"replies":[{"embeddable":true,"href":"https:\/\/jafep.com\/fr\/wp-json\/wp\/v2\/comments?post=1978"}],"wp:attachment":[{"href":"https:\/\/jafep.com\/fr\/wp-json\/wp\/v2\/media?parent=1978"}],"wp:term":[{"taxonomy":"product_brand","embeddable":true,"href":"https:\/\/jafep.com\/fr\/wp-json\/wp\/v2\/product_brand?post=1978"},{"taxonomy":"product_cat","embeddable":true,"href":"https:\/\/jafep.com\/fr\/wp-json\/wp\/v2\/product_cat?post=1978"},{"taxonomy":"product_tag","embeddable":true,"href":"https:\/\/jafep.com\/fr\/wp-json\/wp\/v2\/product_tag?post=1978"}],"curies":[{"name":"wp","href":"https:\/\/api.w.org\/{rel}","templated":true}]}}