{"id":1963,"date":"2016-02-22T16:25:05","date_gmt":"2016-02-22T16:25:05","guid":{"rendered":"https:\/\/jafep.com\/?post_type=product&#038;p=1963"},"modified":"2016-03-15T10:34:13","modified_gmt":"2016-03-15T10:34:13","slug":"minio-de-plomo-electrolitico-minium-plomb-electrolyte","status":"publish","type":"product","link":"https:\/\/jafep.com\/fr\/producto\/minio-de-plomo-electrolitico-minium-plomb-electrolyte\/","title":{"rendered":"MINIO DE PLOMO ELECTROL\u00cdTICO (MINIUM PLOMB \u00c9LECTROLYTE)"},"content":{"rendered":"<p>Peinture d&#8217;impression de grande qualit\u00e9 et pouvoir antirouille pour la protection des<br \/>\nsurfaces de fer. <\/p>\n","protected":false},"excerpt":{"rendered":"<p>Peinture d&#8217;impression de grande qualit\u00e9 et pouvoir antirouille pour la protection des surfaces de fer.<\/p>\n","protected":false},"featured_media":0,"comment_status":"closed","ping_status":"closed","template":"","meta":{"_acf_changed":false,"_links_to":"","_links_to_target":""},"product_brand":[],"product_cat":[817,984,777,450,439,780],"product_tag":[],"class_list":{"0":"post-1963","1":"product","2":"type-product","3":"status-publish","5":"product_cat-imprimar-fr","6":"product_cat-esmaltes-imprimaciones-y-selladoras-fr","7":"product_cat-mobiliario-de-jardin-fr","8":"product_cat-peintures-dimpression","9":"product_cat-peintures-glyceros-et-dimpressions","10":"product_cat-proteger-metal-fr","11":"pa_herramientas-rodillo-fachadas-lana-oveja-20mm-fr","12":"pa_herramientas-rodillo-fachadas-poliamida-extra-larga-de-20mm-fr","13":"pa_herramientas-rodillo-fachadas-poliamida-larga-de-19mm-fr","14":"pa_herramientas-rodillo-iinterior-100-microfibra-de-11mm-fr","15":"pa_herramientas-rodillo-interior-poliamida-de-11mm-fr","16":"pa_iconos-2-base-solvente-fr","17":"pa_iconos-35-rendimiento-de-5-a-6-m2-kg-fr","18":"pa_iconos-41-brocha-rodillo-pistola-fr","19":"pa_iconos-45-exterior-interior-fr","20":"pa_iconos-64-lavabilidad-nivel-maximo-fr","22":"first","23":"instock","24":"shipping-taxable","25":"product-type-simple"},"acf":[],"_links":{"self":[{"href":"https:\/\/jafep.com\/fr\/wp-json\/wp\/v2\/product\/1963","targetHints":{"allow":["GET"]}}],"collection":[{"href":"https:\/\/jafep.com\/fr\/wp-json\/wp\/v2\/product"}],"about":[{"href":"https:\/\/jafep.com\/fr\/wp-json\/wp\/v2\/types\/product"}],"replies":[{"embeddable":true,"href":"https:\/\/jafep.com\/fr\/wp-json\/wp\/v2\/comments?post=1963"}],"wp:attachment":[{"href":"https:\/\/jafep.com\/fr\/wp-json\/wp\/v2\/media?parent=1963"}],"wp:term":[{"taxonomy":"product_brand","embeddable":true,"href":"https:\/\/jafep.com\/fr\/wp-json\/wp\/v2\/product_brand?post=1963"},{"taxonomy":"product_cat","embeddable":true,"href":"https:\/\/jafep.com\/fr\/wp-json\/wp\/v2\/product_cat?post=1963"},{"taxonomy":"product_tag","embeddable":true,"href":"https:\/\/jafep.com\/fr\/wp-json\/wp\/v2\/product_tag?post=1963"}],"curies":[{"name":"wp","href":"https:\/\/api.w.org\/{rel}","templated":true}]}}