{"id":1934,"date":"2014-06-10T11:44:21","date_gmt":"2016-02-22T15:40:32","guid":{"rendered":"https:\/\/jafep.com\/?post_type=product&#038;p=1934"},"modified":"2016-03-15T11:07:00","modified_gmt":"2016-03-15T11:07:00","slug":"pintura-plastica-satinado-3000-peinture-a-leau-satinee-3000","status":"publish","type":"product","link":"https:\/\/jafep.com\/fr\/producto\/pintura-plastica-satinado-3000-peinture-a-leau-satinee-3000\/","title":{"rendered":"PINTURA PL\u00c1STICA SATINADO 3000 (PEINTURE \u00c0 L&#8217;EAU SATIN\u00c9E 3000)"},"content":{"rendered":"<p>Peinture acrylique d&#8217;int\u00e9rieur et ext\u00e9rieur, de haute qualit\u00e9, stabilit\u00e9 et r\u00e9sistance, ce qui<br \/>\napporte une finition imperm\u00e9able et durable. Excellente blancheur et bon pouvoir<br \/>\ncouvrant. Aspect final satin\u00e9 et soyeux. Tr\u00e8s lavable. <\/p>\n","protected":false},"excerpt":{"rendered":"<p>Peinture acrylique d&#8217;int\u00e9rieur et ext\u00e9rieur, de haute qualit\u00e9, stabilit\u00e9 et r\u00e9sistance, ce qui apporte une finition imperm\u00e9able et durable. Excellente blancheur et bon pouvoir couvrant. Aspect final satin\u00e9 et soyeux. Tr\u00e8s lavable.<\/p>\n","protected":false},"featured_media":82134,"comment_status":"closed","ping_status":"closed","template":"","meta":{"_acf_changed":false,"_links_to":"","_links_to_target":""},"product_brand":[],"product_cat":[828,1583,1547,750,514],"product_tag":[],"class_list":{"0":"post-1934","1":"product","2":"type-product","3":"status-publish","4":"has-post-thumbnail","6":"product_cat-exteriores-fr","7":"product_cat-impermeabilisation","8":"product_cat-interieurs","9":"product_cat-pinturas-plasticas-fr-2","10":"product_cat-satinees","11":"pa_formatos-15l-fr","12":"pa_herramientas-airless-fr","13":"pa_herramientas-brocha-fr","14":"pa_herramientas-pistola-fr","15":"pa_herramientas-rodillo-fr-2","16":"pa_herramientas-rodillo-fachadas-lana-oveja-20mm-fr","17":"pa_herramientas-rodillo-fachadas-poliamida-extra-larga-de-20mm-fr","18":"pa_herramientas-rodillo-fachadas-poliamida-larga-de-19mm-fr","19":"pa_herramientas-rodillo-iinterior-100-microfibra-de-11mm-fr","20":"pa_herramientas-rodillo-interior-poliamida-de-11mm-fr","21":"pa_iconos-1-base-agua-fr","22":"pa_iconos-34-rendimiento-de-10-12-m2l-fr","23":"pa_iconos-64-lavabilidad-nivel-maximo-fr","25":"first","26":"instock","27":"shipping-taxable","28":"product-type-simple"},"acf":[],"_links":{"self":[{"href":"https:\/\/jafep.com\/fr\/wp-json\/wp\/v2\/product\/1934","targetHints":{"allow":["GET"]}}],"collection":[{"href":"https:\/\/jafep.com\/fr\/wp-json\/wp\/v2\/product"}],"about":[{"href":"https:\/\/jafep.com\/fr\/wp-json\/wp\/v2\/types\/product"}],"replies":[{"embeddable":true,"href":"https:\/\/jafep.com\/fr\/wp-json\/wp\/v2\/comments?post=1934"}],"wp:featuredmedia":[{"embeddable":true,"href":"https:\/\/jafep.com\/fr\/wp-json\/wp\/v2\/media\/82134"}],"wp:attachment":[{"href":"https:\/\/jafep.com\/fr\/wp-json\/wp\/v2\/media?parent=1934"}],"wp:term":[{"taxonomy":"product_brand","embeddable":true,"href":"https:\/\/jafep.com\/fr\/wp-json\/wp\/v2\/product_brand?post=1934"},{"taxonomy":"product_cat","embeddable":true,"href":"https:\/\/jafep.com\/fr\/wp-json\/wp\/v2\/product_cat?post=1934"},{"taxonomy":"product_tag","embeddable":true,"href":"https:\/\/jafep.com\/fr\/wp-json\/wp\/v2\/product_tag?post=1934"}],"curies":[{"name":"wp","href":"https:\/\/api.w.org\/{rel}","templated":true}]}}