{"id":1926,"date":"2014-06-11T07:14:13","date_gmt":"2014-06-11T07:14:13","guid":{"rendered":"https:\/\/jafep.com\/?post_type=product&#038;p=1926"},"modified":"2023-04-20T07:50:47","modified_gmt":"2023-04-20T07:50:47","slug":"pintura-plastica-satinado-2000-peinture-acrylique-satinee","status":"publish","type":"product","link":"https:\/\/jafep.com\/fr\/producto\/pintura-plastica-satinado-2000-peinture-acrylique-satinee\/","title":{"rendered":"PINTURA PL\u00c1STICA SATINADO 2000 (PEINTURE ACRYLIQUE SATIN\u00c9E)"},"content":{"rendered":"<p>Peinture acrylique d&#8217;int\u00e9rieur et ext\u00e9rieur, de haute qualit\u00e9, stabilit\u00e9 et r\u00e9sistance, ce qui apporte une finition imperm\u00e9able et durable. Excellente blancheur et bon pouvoir couvrant. Aspect satin\u00e9 et soyeux. Tr\u00e8s lavable. <\/p>\n","protected":false},"excerpt":{"rendered":"<p>Peinture acrylique d&#8217;int\u00e9rieur et ext\u00e9rieur, de haute qualit\u00e9, stabilit\u00e9 et r\u00e9sistance, ce qui apporte une finition imperm\u00e9able et durable. Excellente blancheur et bon pouvoir couvrant. Aspect satin\u00e9 et soyeux. Tr\u00e8s lavable.<\/p>\n","protected":false},"featured_media":82134,"comment_status":"closed","ping_status":"closed","template":"","meta":{"_acf_changed":false,"_links_to":"","_links_to_target":""},"product_brand":[],"product_cat":[750,514],"product_tag":[],"class_list":{"0":"post-1926","1":"product","2":"type-product","3":"status-publish","4":"has-post-thumbnail","6":"product_cat-pinturas-plasticas-fr-2","7":"product_cat-satinees","8":"pa_formatos-15l-fr","9":"pa_formatos-4l-fr","10":"pa_formatos-750ml-fr","11":"pa_formatos-8l-fr","12":"pa_herramientas-airless-fr","13":"pa_herramientas-brocha-fr","14":"pa_herramientas-pistola-fr","15":"pa_herramientas-rodillo-fr-2","16":"pa_herramientas-rodillo-fachadas-lana-oveja-20mm-fr","17":"pa_herramientas-rodillo-fachadas-poliamida-extra-larga-de-20mm-fr","18":"pa_herramientas-rodillo-fachadas-poliamida-larga-de-19mm-fr","19":"pa_herramientas-rodillo-iinterior-100-microfibra-de-11mm-fr","20":"pa_herramientas-rodillo-interior-poliamida-de-11mm-fr","21":"pa_iconos-1-base-agua-fr","22":"pa_iconos-38-rendimiento-de-10-15-m2l-fr","23":"pa_iconos-45-exterior-interior-fr","24":"pa_iconos-64-lavabilidad-nivel-maximo-fr","26":"first","27":"instock","28":"shipping-taxable","29":"product-type-simple"},"acf":[],"_links":{"self":[{"href":"https:\/\/jafep.com\/fr\/wp-json\/wp\/v2\/product\/1926","targetHints":{"allow":["GET"]}}],"collection":[{"href":"https:\/\/jafep.com\/fr\/wp-json\/wp\/v2\/product"}],"about":[{"href":"https:\/\/jafep.com\/fr\/wp-json\/wp\/v2\/types\/product"}],"replies":[{"embeddable":true,"href":"https:\/\/jafep.com\/fr\/wp-json\/wp\/v2\/comments?post=1926"}],"wp:featuredmedia":[{"embeddable":true,"href":"https:\/\/jafep.com\/fr\/wp-json\/wp\/v2\/media\/82134"}],"wp:attachment":[{"href":"https:\/\/jafep.com\/fr\/wp-json\/wp\/v2\/media?parent=1926"}],"wp:term":[{"taxonomy":"product_brand","embeddable":true,"href":"https:\/\/jafep.com\/fr\/wp-json\/wp\/v2\/product_brand?post=1926"},{"taxonomy":"product_cat","embeddable":true,"href":"https:\/\/jafep.com\/fr\/wp-json\/wp\/v2\/product_cat?post=1926"},{"taxonomy":"product_tag","embeddable":true,"href":"https:\/\/jafep.com\/fr\/wp-json\/wp\/v2\/product_tag?post=1926"}],"curies":[{"name":"wp","href":"https:\/\/api.w.org\/{rel}","templated":true}]}}