{"id":1915,"date":"2014-06-11T08:21:08","date_gmt":"2014-06-11T08:21:08","guid":{"rendered":"https:\/\/jafep.com\/?post_type=product&#038;p=1915"},"modified":"2023-04-20T09:33:24","modified_gmt":"2023-04-20T09:33:24","slug":"peinture-a-leau-nivex-jafep","status":"publish","type":"product","link":"https:\/\/jafep.com\/fr\/producto\/peinture-a-leau-nivex-jafep\/","title":{"rendered":"PEINTURE \u00c0 L&#8217;EAU &#8220;NIVEX&#8221; Jafep"},"content":{"rendered":"<p>Peinture de grande qualit\u00e9. \u00c9labor\u00e9e avec des r\u00e9sines et pigments de haute r\u00e9sistance et solidit\u00e9 \u00e0 la lumi\u00e8re. Elle proportionne des finitions d&#8217;une blancheur sp\u00e9ciale, mates, bon pouvoir couvrante, lavables et r\u00e9sistantes. Facilit\u00e9 d&#8217;application. Il laisse transpirer. Avec excellente protection fongicide. <\/p>\n","protected":false},"excerpt":{"rendered":"<p>Peinture de grande qualit\u00e9. \u00c9labor\u00e9e avec des r\u00e9sines et pigments de haute r\u00e9sistance et solidit\u00e9 \u00e0 la lumi\u00e8re. Elle proportionne des finitions d&#8217;une blancheur sp\u00e9ciale, mates, bon pouvoir couvrante, lavables et r\u00e9sistantes. Facilit\u00e9 d&#8217;application. Il laisse transpirer. Avec excellente protection fongicide.<\/p>\n","protected":false},"featured_media":82139,"comment_status":"closed","ping_status":"closed","template":"","meta":{"_acf_changed":false,"_links_to":"","_links_to_target":""},"product_brand":[],"product_cat":[1341,750],"product_tag":[],"class_list":{"0":"post-1915","1":"product","2":"type-product","3":"status-publish","4":"has-post-thumbnail","6":"product_cat-mate-nivex-fr","7":"product_cat-pinturas-plasticas-fr-2","8":"pa_formatos-15l-fr","9":"pa_formatos-4l-fr","10":"pa_formatos-750ml-fr","11":"pa_herramientas-airless-fr","12":"pa_herramientas-brocha-fr","13":"pa_herramientas-pistola-fr","14":"pa_herramientas-rodillo-fr-2","15":"pa_herramientas-rodillo-fachadas-lana-oveja-20mm-fr","16":"pa_herramientas-rodillo-fachadas-poliamida-extra-larga-de-20mm-fr","17":"pa_herramientas-rodillo-fachadas-poliamida-larga-de-19mm-fr","18":"pa_herramientas-rodillo-iinterior-100-microfibra-de-11mm-fr","19":"pa_herramientas-rodillo-interior-poliamida-de-11mm-fr","20":"pa_iconos-1-base-agua-fr","21":"pa_iconos-45-exterior-interior-fr","22":"pa_iconos-51-mate-60o-fr","23":"pa_iconos-61-lavabilidad-nivel-2-fr","24":"pa_iconos-conservateur-anti-moisissures-systeme-atmh","25":"pa_iconos-mate-profundo-fr","26":"pa_iconos-mate4-5-fr","27":"pa_iconos-rendimiento-8-12-m2l-fr","29":"first","30":"instock","31":"shipping-taxable","32":"product-type-simple"},"acf":[],"_links":{"self":[{"href":"https:\/\/jafep.com\/fr\/wp-json\/wp\/v2\/product\/1915","targetHints":{"allow":["GET"]}}],"collection":[{"href":"https:\/\/jafep.com\/fr\/wp-json\/wp\/v2\/product"}],"about":[{"href":"https:\/\/jafep.com\/fr\/wp-json\/wp\/v2\/types\/product"}],"replies":[{"embeddable":true,"href":"https:\/\/jafep.com\/fr\/wp-json\/wp\/v2\/comments?post=1915"}],"wp:featuredmedia":[{"embeddable":true,"href":"https:\/\/jafep.com\/fr\/wp-json\/wp\/v2\/media\/82139"}],"wp:attachment":[{"href":"https:\/\/jafep.com\/fr\/wp-json\/wp\/v2\/media?parent=1915"}],"wp:term":[{"taxonomy":"product_brand","embeddable":true,"href":"https:\/\/jafep.com\/fr\/wp-json\/wp\/v2\/product_brand?post=1915"},{"taxonomy":"product_cat","embeddable":true,"href":"https:\/\/jafep.com\/fr\/wp-json\/wp\/v2\/product_cat?post=1915"},{"taxonomy":"product_tag","embeddable":true,"href":"https:\/\/jafep.com\/fr\/wp-json\/wp\/v2\/product_tag?post=1915"}],"curies":[{"name":"wp","href":"https:\/\/api.w.org\/{rel}","templated":true}]}}